{"id":6340,"date":"2024-10-13T04:54:35","date_gmt":"2024-10-13T07:54:35","guid":{"rendered":"https:\/\/sugardaddylatam.com\/?page_id=6340"},"modified":"2026-01-14T11:42:42","modified_gmt":"2026-01-14T14:42:42","slug":"sobre-nos","status":"publish","type":"page","link":"https:\/\/sugardaddylatam.com\/pt\/sobre-nosotros\/","title":{"rendered":"Sobre n\u00f3s"},"content":{"rendered":"<p>Fundada em 2017, <strong>Sugar DaddyLatam.com<\/strong> nasceu para atender \u00e0 crescente necessidade de uma plataforma aut\u00eantica e exclusiva de encontros sugar para usu\u00e1rios latino-americanos. Com um sistema de registro simples e acess\u00edvel e uma comunidade 100% local, estamos comprometidos em oferecer uma experi\u00eancia \u00fanica que permite que os usu\u00e1rios se conectem com pessoas pr\u00f3ximas \u00e0 sua localiza\u00e7\u00e3o de forma r\u00e1pida e segura.<\/p>\n\n\n\n<h2 class=\"wp-block-heading has-text-align-center\" id=\"h-nuestros-valores\">Nossos valores<\/h2>\n\n\n\n<p>Sabemos que a chave para uma comunidade saud\u00e1vel e bem-sucedida est\u00e1 nos valores que impulsionam seu desenvolvimento. \u00c9 por isso que, na <strong>Sugar DaddyLatam.com<\/strong>Trabalhamos constantemente para melhorar a experi\u00eancia de nossos usu\u00e1rios sob esses pilares fundamentais:<\/p>\n\n\n\n<h3 class=\"wp-block-heading\" id=\"h-seguridad\"><strong>Seguran\u00e7a:<\/strong><\/h3>\n\n\n\n<p>A seguran\u00e7a de nossos usu\u00e1rios \u00e9 nossa prioridade. Portanto, implementamos as melhores pr\u00e1ticas de prote\u00e7\u00e3o de dados, em conformidade com o GDPR e outras regulamenta\u00e7\u00f5es locais de privacidade. N\u00f3s nos dedicamos a combater spam, perfis falsos e qualquer tipo de fraude, garantindo uma experi\u00eancia segura tanto na plataforma quanto no namoro on-line em geral.<\/p>\n\n\n\n<h3 class=\"wp-block-heading\" id=\"h-educacion\"><strong>Educa\u00e7\u00e3o:<\/strong><\/h3>\n\n\n\n<p>Temos o compromisso de educar e promover uma compreens\u00e3o clara e aut\u00eantica do mundo do sugar dating, de modo que todos os usu\u00e1rios que entram em nossa plataforma entendam completamente o que os termos significam. <strong>Sugar Daddy<\/strong>, <strong>sugar baby<\/strong>, y <strong>Namoro com a\u00e7\u00facar<\/strong>. Queremos que nossos membros vejam o sugardating como uma forma divertida e enriquecedora de expandir seu c\u00edrculo social e melhorar sua qualidade de vida.<\/p>\n\n\n\n<h3 class=\"wp-block-heading\" id=\"h-confianza\"><strong>Confian\u00e7a:<\/strong><\/h3>\n\n\n\n<p>Transpar\u00eancia e cordialidade s\u00e3o a base do nosso atendimento ao cliente. Oferecemos v\u00e1rias op\u00e7\u00f5es de contato para resolver qualquer d\u00favida, bem como uma central de ajuda detalhada com respostas para as perguntas mais frequentes. Nosso objetivo \u00e9 dar aos nossos usu\u00e1rios total confian\u00e7a em nossa plataforma e em nosso servi\u00e7o.<\/p>\n\n\n\n<h3 class=\"wp-block-heading\" id=\"h-transparencia\"><strong>Transpar\u00eancia:<\/strong><\/h3>\n\n\n\n<p>Tanto em nosso sistema de pagamento quanto em nossas pol\u00edticas de privacidade e contrata\u00e7\u00e3o, fornecemos todas as informa\u00e7\u00f5es de forma clara e precisa. Os usu\u00e1rios podem acessar seus dados pessoais e t\u00eam a possibilidade de exclu\u00ed-los diretamente de seu perfil, garantindo assim o controle total sobre suas informa\u00e7\u00f5es.<\/p>\n\n\n\n<h2 class=\"wp-block-heading\" id=\"h-que-nos-hace-diferentes\">O que nos torna diferentes?<\/h2>\n\n\n\n<h3 class=\"wp-block-heading\" id=\"h-comunidad-local\"><strong>Comunidade local:<\/strong><\/h3>\n\n\n\n<p>Nossa plataforma foi projetada exclusivamente para usu\u00e1rios locais. Ao evitar bots e spammers de outros pa\u00edses, garantimos que cada intera\u00e7\u00e3o seja genu\u00edna e relevante, permitindo que os usu\u00e1rios se conectem com pessoas pr\u00f3ximas a eles sem ter que lidar com perfis que n\u00e3o lhes interessam.<\/p>\n\n\n\n<h3 class=\"wp-block-heading\" id=\"h-discrecion-absoluta\"><strong>Discri\u00e7\u00e3o absoluta:<\/strong><\/h3>\n\n\n\n<p>Damos prioridade \u00e0 sua privacidade. Em <strong>Sugar DaddyLatam.com<\/strong>Voc\u00ea n\u00e3o receber\u00e1 notifica\u00e7\u00f5es irritantes ou ofertas constantes em sua caixa de entrada de e-mail. Oferecemos total discri\u00e7\u00e3o em todas as suas intera\u00e7\u00f5es, e voc\u00ea decide quando ativar ou desativar as notifica\u00e7\u00f5es de acordo com suas prefer\u00eancias.<\/p>\n\n\n\n<h3 class=\"wp-block-heading\" id=\"h-facilidad-de-uso\"><strong>Facilidade de uso:<\/strong><\/h3>\n\n\n\n<p>Esque\u00e7a os sistemas de cr\u00e9dito complicados ou as cobran\u00e7as por mensagem. Se voc\u00ea estiver <strong>sugar baby<\/strong>voc\u00ea pode bater papo gratuitamente; se voc\u00ea for <strong>Sugar Daddy<\/strong>Voc\u00ea paga uma taxa mensal clara, sem compromisso de perman\u00eancia. Voc\u00ea pode cancelar sua assinatura a qualquer momento, sem truques ou taxas ocultas.<\/p>\n\n\n\n<p><\/p>","protected":false},"excerpt":{"rendered":"Fundada en 2017, Sugar DaddyLatam.com naci\u00f3 para satisfacer la creciente necesidad de una plataforma de sugar dating aut\u00e9ntica y exclusiva para los usuarios de Am\u00e9rica Latina. Con un sistema de registro sencillo y accesible, y una comunidad 100% local, nos hemos comprometido a ofrecer una experiencia \u00fanica que permite a los usuarios conectar con personas [&hellip;]","protected":false},"author":1,"featured_media":0,"parent":0,"menu_order":0,"comment_status":"closed","ping_status":"closed","template":"","meta":{"pmpro_default_level":"","footnotes":""},"class_list":["post-6340","page","type-page","status-publish","hentry","pmpro-has-access"],"featured_image_urls":{"full":"","thumbnail":"","medium":"","medium_large":"","large":"","1536x1536":"","2048x2048":"","trp-custom-language-flag":"","rt_media_thumbnail":"","rt_media_activity_image":"","rt_media_single_image":"","rt_media_featured_image":"","post-thumbnail":"","blog_carousel":"","crp_thumbnail":""},"post_excerpt_stackable":"Fundada en 2017, Sugar DaddyLatam.com naci\u00f3 para satisfacer la creciente necesidad de una plataforma de sugar dating aut\u00e9ntica y exclusiva para los usuarios de Am\u00e9rica Latina. Con un sistema de registro sencillo y accesible, y una comunidad 100% local, nos hemos comprometido a ofrecer una experiencia \u00fanica que permite a los usuarios conectar con personas cercanas a su localidad de manera r\u00e1pida y segura. Nuestros Valores Sabemos que la clave de una comunidad sana y exitosa radica en los valores que impulsan su desarrollo. Por eso, en Sugar DaddyLatam.com, trabajamos constantemente para mejorar la experiencia de nuestros usuarios bajo estos&hellip;","category_list":"","author_info":{"name":"Administrador do Sugar Daddy","url":"https:\/\/sugardaddylatam.com\/pt\/author\/poweb\/"},"comments_num":"0 comments","featured_image_urls_v2":{"full":"","thumbnail":"","medium":"","medium_large":"","large":"","1536x1536":"","2048x2048":"","trp-custom-language-flag":"","rt_media_thumbnail":"","rt_media_activity_image":"","rt_media_single_image":"","rt_media_featured_image":"","post-thumbnail":"","blog_carousel":"","crp_thumbnail":""},"post_excerpt_stackable_v2":"Fundada en 2017, Sugar DaddyLatam.com naci\u00f3 para satisfacer la creciente necesidad de una plataforma de sugar dating aut\u00e9ntica y exclusiva para los usuarios de Am\u00e9rica Latina. Con un sistema de registro sencillo y accesible, y una comunidad 100% local, nos hemos comprometido a ofrecer una experiencia \u00fanica que permite a los usuarios conectar con personas cercanas a su localidad de manera r\u00e1pida y segura. Nuestros Valores Sabemos que la clave de una comunidad sana y exitosa radica en los valores que impulsan su desarrollo. Por eso, en Sugar DaddyLatam.com, trabajamos constantemente para mejorar la experiencia de nuestros usuarios bajo estos&hellip;","category_list_v2":"","author_info_v2":{"name":"Administrador do Sugar Daddy","url":"https:\/\/sugardaddylatam.com\/pt\/author\/poweb\/"},"comments_num_v2":"0 comments","yoast_head":"<!-- This site is optimized with the Yoast SEO Premium plugin v24.3 (Yoast SEO v27.2) - https:\/\/yoast.com\/product\/yoast-seo-premium-wordpress\/ -->\n<title>Sobre Nosotros<\/title>\n<meta name=\"robots\" content=\"index, follow, max-snippet:-1, max-image-preview:large, max-video-preview:-1\" \/>\n<link rel=\"canonical\" href=\"https:\/\/sugardaddylatam.com\/pt\/sobre-nos\/\" \/>\n<meta property=\"og:locale\" content=\"pt_BR\" \/>\n<meta property=\"og:type\" content=\"article\" \/>\n<meta property=\"og:title\" content=\"Sobre Nosotros\" \/>\n<meta property=\"og:description\" content=\"Fundada en 2017, Sugar DaddyLatam.com naci\u00f3 para satisfacer la creciente necesidad de una plataforma de sugar dating aut\u00e9ntica y exclusiva para los usuarios de Am\u00e9rica Latina. Con un sistema de registro sencillo y accesible, y una comunidad 100% local, nos hemos comprometido a ofrecer una experiencia \u00fanica que permite a los usuarios conectar con personas [&hellip;]\" \/>\n<meta property=\"og:url\" content=\"https:\/\/sugardaddylatam.com\/pt\/sobre-nos\/\" \/>\n<meta property=\"og:site_name\" content=\"Sugar Daddy Latam \u2014 Sugar Dating n\u00ba1 en Latinoam\u00e9rica. Encuentra Sugar Daddy o Sugar Baby en Latinoam\u00e9rica\" \/>\n<meta property=\"article:publisher\" content=\"https:\/\/www.facebook.com\/people\/Sugar-Daddy-Latinoamrica\/61552824401638\/\" \/>\n<meta property=\"article:modified_time\" content=\"2026-01-14T14:42:42+00:00\" \/>\n<meta name=\"twitter:card\" content=\"summary_large_image\" \/>\n<meta name=\"twitter:site\" content=\"@SDLatamOficial\" \/>\n<meta name=\"twitter:label1\" content=\"Est. tempo de leitura\" \/>\n\t<meta name=\"twitter:data1\" content=\"3 minutos\" \/>\n<script type=\"application\/ld+json\" class=\"yoast-schema-graph\">{\"@context\":\"https:\/\/schema.org\",\"@graph\":[{\"@type\":\"WebPage\",\"@id\":\"https:\/\/sugardaddylatam.com\/sobre-nosotros\/\",\"url\":\"https:\/\/sugardaddylatam.com\/sobre-nosotros\/\",\"name\":\"Sobre Nosotros\",\"isPartOf\":{\"@id\":\"https:\/\/sugardaddylatam.com\/#website\"},\"datePublished\":\"2024-10-13T07:54:35+00:00\",\"dateModified\":\"2026-01-14T14:42:42+00:00\",\"breadcrumb\":{\"@id\":\"https:\/\/sugardaddylatam.com\/sobre-nosotros\/#breadcrumb\"},\"inLanguage\":\"pt-BR\",\"potentialAction\":[{\"@type\":\"ReadAction\",\"target\":[\"https:\/\/sugardaddylatam.com\/sobre-nosotros\/\"]}]},{\"@type\":\"BreadcrumbList\",\"@id\":\"https:\/\/sugardaddylatam.com\/sobre-nosotros\/#breadcrumb\",\"itemListElement\":[{\"@type\":\"ListItem\",\"position\":1,\"name\":\"Home\",\"item\":\"https:\/\/sugardaddylatam.com\/\"},{\"@type\":\"ListItem\",\"position\":2,\"name\":\"Sobre Nosotros\"}]},{\"@type\":\"WebSite\",\"@id\":\"https:\/\/sugardaddylatam.com\/#website\",\"url\":\"https:\/\/sugardaddylatam.com\/\",\"name\":\"Sugar Daddy Latam \u2014 Sugar Dating n\u00ba1 en Latinoam\u00e9rica. Encuentra Sugar Daddy o Sugar Baby en Latinoam\u00e9rica\",\"description\":\"\u00danete a la red de sugar dating m\u00e1s grande de Latinoam\u00e9rica. +130.000 usuarios verificados en 17 pa\u00edses. Registro gratuito. Perfiles reales, acuerdos claros.\",\"publisher\":{\"@id\":\"https:\/\/sugardaddylatam.com\/#organization\"},\"potentialAction\":[{\"@type\":\"SearchAction\",\"target\":{\"@type\":\"EntryPoint\",\"urlTemplate\":\"https:\/\/sugardaddylatam.com\/?s={search_term_string}\"},\"query-input\":{\"@type\":\"PropertyValueSpecification\",\"valueRequired\":true,\"valueName\":\"search_term_string\"}}],\"inLanguage\":\"pt-BR\"},{\"@type\":\"Organization\",\"@id\":\"https:\/\/sugardaddylatam.com\/#organization\",\"name\":\"Sugar Daddy Latam \u2014 Sugar Dating n\u00ba1 en Latinoam\u00e9rica. Encuentra Sugar Daddy o Sugar Baby en Latinoam\u00e9rica\",\"url\":\"https:\/\/sugardaddylatam.com\/\",\"logo\":{\"@type\":\"ImageObject\",\"inLanguage\":\"pt-BR\",\"@id\":\"https:\/\/sugardaddylatam.com\/#\/schema\/logo\/image\/\",\"url\":\"https:\/\/sugardaddylatam.com\/wp-content\/uploads\/2023\/01\/sugardaddylatam.png\",\"contentUrl\":\"https:\/\/sugardaddylatam.com\/wp-content\/uploads\/2023\/01\/sugardaddylatam.png\",\"width\":350,\"height\":73,\"caption\":\"Sugar Daddy Latam \u2014 Sugar Dating n\u00ba1 en Latinoam\u00e9rica. Encuentra Sugar Daddy o Sugar Baby en Latinoam\u00e9rica\"},\"image\":{\"@id\":\"https:\/\/sugardaddylatam.com\/#\/schema\/logo\/image\/\"},\"sameAs\":[\"https:\/\/www.facebook.com\/people\/Sugar-Daddy-Latinoamrica\/61552824401638\/\",\"https:\/\/x.com\/SDLatamOficial\"]}]}<\/script>\n<!-- \/ Yoast SEO Premium plugin. -->","yoast_head_json":{"title":"Sobre n\u00f3s","robots":{"index":"index","follow":"follow","max-snippet":"max-snippet:-1","max-image-preview":"max-image-preview:large","max-video-preview":"max-video-preview:-1"},"canonical":"https:\/\/sugardaddylatam.com\/pt\/sobre-nos\/","og_locale":"pt_BR","og_type":"article","og_title":"Sobre Nosotros","og_description":"Fundada en 2017, Sugar DaddyLatam.com naci\u00f3 para satisfacer la creciente necesidad de una plataforma de sugar dating aut\u00e9ntica y exclusiva para los usuarios de Am\u00e9rica Latina. Con un sistema de registro sencillo y accesible, y una comunidad 100% local, nos hemos comprometido a ofrecer una experiencia \u00fanica que permite a los usuarios conectar con personas [&hellip;]","og_url":"https:\/\/sugardaddylatam.com\/pt\/sobre-nos\/","og_site_name":"Sugar Daddy Latam \u2014 Sugar Dating n\u00ba1 en Latinoam\u00e9rica. Encuentra Sugar Daddy o Sugar Baby en Latinoam\u00e9rica","article_publisher":"https:\/\/www.facebook.com\/people\/Sugar-Daddy-Latinoamrica\/61552824401638\/","article_modified_time":"2026-01-14T14:42:42+00:00","twitter_card":"summary_large_image","twitter_site":"@SDLatamOficial","twitter_misc":{"Est. tempo de leitura":"3 minutos"},"schema":{"@context":"https:\/\/schema.org","@graph":[{"@type":"WebPage","@id":"https:\/\/sugardaddylatam.com\/sobre-nosotros\/","url":"https:\/\/sugardaddylatam.com\/sobre-nosotros\/","name":"Sobre n\u00f3s","isPartOf":{"@id":"https:\/\/sugardaddylatam.com\/#website"},"datePublished":"2024-10-13T07:54:35+00:00","dateModified":"2026-01-14T14:42:42+00:00","breadcrumb":{"@id":"https:\/\/sugardaddylatam.com\/sobre-nosotros\/#breadcrumb"},"inLanguage":"pt-BR","potentialAction":[{"@type":"ReadAction","target":["https:\/\/sugardaddylatam.com\/sobre-nosotros\/"]}]},{"@type":"BreadcrumbList","@id":"https:\/\/sugardaddylatam.com\/sobre-nosotros\/#breadcrumb","itemListElement":[{"@type":"ListItem","position":1,"name":"Home","item":"https:\/\/sugardaddylatam.com\/"},{"@type":"ListItem","position":2,"name":"Sobre Nosotros"}]},{"@type":"WebSite","@id":"https:\/\/sugardaddylatam.com\/#website","url":"https:\/\/sugardaddylatam.com\/","name":"Sugar Daddy Latam - Namoro por a\u00e7\u00facar n\u00ba 1 na Am\u00e9rica Latina. Encontre um Sugar Daddy ou um Sugar Baby na Am\u00e9rica Latina","description":"Junte-se \u00e0 maior rede de encontros de a\u00e7\u00facar da Am\u00e9rica Latina. +130.000 usu\u00e1rios verificados em 17 pa\u00edses. Registro gratuito. Perfis reais, acordos claros.","publisher":{"@id":"https:\/\/sugardaddylatam.com\/#organization"},"potentialAction":[{"@type":"SearchAction","target":{"@type":"EntryPoint","urlTemplate":"https:\/\/sugardaddylatam.com\/?s={search_term_string}"},"query-input":{"@type":"PropertyValueSpecification","valueRequired":true,"valueName":"search_term_string"}}],"inLanguage":"pt-BR"},{"@type":"Organization","@id":"https:\/\/sugardaddylatam.com\/#organization","name":"Sugar Daddy Latam - Namoro por a\u00e7\u00facar n\u00ba 1 na Am\u00e9rica Latina. Encontre um Sugar Daddy ou um Sugar Baby na Am\u00e9rica Latina","url":"https:\/\/sugardaddylatam.com\/","logo":{"@type":"ImageObject","inLanguage":"pt-BR","@id":"https:\/\/sugardaddylatam.com\/#\/schema\/logo\/image\/","url":"https:\/\/sugardaddylatam.com\/wp-content\/uploads\/2023\/01\/sugardaddylatam.png","contentUrl":"https:\/\/sugardaddylatam.com\/wp-content\/uploads\/2023\/01\/sugardaddylatam.png","width":350,"height":73,"caption":"Sugar Daddy Latam \u2014 Sugar Dating n\u00ba1 en Latinoam\u00e9rica. Encuentra Sugar Daddy o Sugar Baby en Latinoam\u00e9rica"},"image":{"@id":"https:\/\/sugardaddylatam.com\/#\/schema\/logo\/image\/"},"sameAs":["https:\/\/www.facebook.com\/people\/Sugar-Daddy-Latinoamrica\/61552824401638\/","https:\/\/x.com\/SDLatamOficial"]}]}},"_links":{"self":[{"href":"https:\/\/sugardaddylatam.com\/pt\/wp-json\/wp\/v2\/pages\/6340","targetHints":{"allow":["GET"]}}],"collection":[{"href":"https:\/\/sugardaddylatam.com\/pt\/wp-json\/wp\/v2\/pages"}],"about":[{"href":"https:\/\/sugardaddylatam.com\/pt\/wp-json\/wp\/v2\/types\/page"}],"author":[{"embeddable":true,"href":"https:\/\/sugardaddylatam.com\/pt\/wp-json\/wp\/v2\/users\/1"}],"replies":[{"embeddable":true,"href":"https:\/\/sugardaddylatam.com\/pt\/wp-json\/wp\/v2\/comments?post=6340"}],"version-history":[{"count":0,"href":"https:\/\/sugardaddylatam.com\/pt\/wp-json\/wp\/v2\/pages\/6340\/revisions"}],"wp:attachment":[{"href":"https:\/\/sugardaddylatam.com\/pt\/wp-json\/wp\/v2\/media?parent=6340"}],"curies":[{"name":"wp","href":"https:\/\/api.w.org\/{rel}","templated":true}]}}