{"id":2430,"date":"2019-01-22T08:31:57","date_gmt":"2019-01-22T08:31:57","guid":{"rendered":"https:\/\/sugardaddylatam.com\/?page_id=2430"},"modified":"2023-01-12T05:20:54","modified_gmt":"2023-01-12T08:20:54","slug":"condicoes-de-uso","status":"publish","type":"page","link":"https:\/\/sugardaddylatam.com\/pt\/condiciones-de-uso\/","title":{"rendered":"Condi\u00e7\u00f5es de uso"},"content":{"rendered":"<h1><span>1-. Condi\u00e7\u00f5es de uso e contrata\u00e7\u00e3o de servi\u00e7os em sugardaddylatam.com<\/span><\/h1>\n<h3><span>Pre\u00e7os:<\/span><\/h3>\n<span>Os pre\u00e7os do Sugardaddyportugal.pt incluem impostos aplic\u00e1veis na Am\u00e9rica Latina. Os pre\u00e7os s\u00e3o divididos de acordo com o acesso.<\/span>\n<span>O sugardaddylatam.com tem tr\u00eas planos para acessar a rede social.<\/span>\n\n<span>-\u00a0\u00a0<\/span><strong><span>Acesso gratuito:<\/span><\/strong><span>\u00a0\u00a0por meio do qual o usu\u00e1rio pode acessar a rede social e visualizar perfis, bem como ler no f\u00f3rum, mas n\u00e3o pode enviar mensagens privadas ou postar no f\u00f3rum.<\/span>\n<span>-\u00a0\u00a0<\/span><strong><span>Acesso mensal:<\/span><\/strong><span>\u00a0\u00a0por meio do qual o usu\u00e1rio poder\u00e1 acessar a rede social e o f\u00f3rum, bem como postar no f\u00f3rum e enviar mensagens privadas durante os meses de renova\u00e7\u00e3o da assinatura*.<\/span>\n<span>-\u00a0\u00a0<\/span><strong><span>Acesso trimestral:<\/span><\/strong><span>\u00a0\u00a0que pode ser acessado pelo usu\u00e1rio durante os trimestres em que ele deseja renovar a assinatura *.<\/span>\n\n<span>-\u00a0\u00a0<\/span><strong><span>Acesso anual:<\/span><\/strong><span>\u00a0\u00a0que o usu\u00e1rio poder\u00e1 acessar por um ano.<\/span>\n\n<span>* A assinatura \u00e9 renovada automaticamente por meio de uma assinatura feita pelo PayPal. O cancelamento da assinatura est\u00e1 vinculado ao sistema de pagamento do Paypal, portanto o cancelamento \u00e9 feito a partir da plataforma do Paypal. N\u00e3o h\u00e1 perman\u00eancia, portanto voc\u00ea pode cancelar a assinatura quando quiser, cancelando o pr\u00f3ximo pagamento, mas n\u00e3o o pagamento j\u00e1 efetuado.<\/span>\n<h2><span>dois-. Voltar para a direita:<\/span><\/h2>\n<span>Nesta se\u00e7\u00e3o, aplicar-se-\u00e1 o disposto no artigo 103, letra a) do Real Decreto Legislativo 1\/2007, de 16 de novembro, que aprova o texto revisado da Lei Geral de Defesa dos Consumidores e Usu\u00e1rios e demais leis complementares. \"(A) A presta\u00e7\u00e3o de servi\u00e7os, uma vez que o servi\u00e7o tenha sido integralmente executado, quando se inicia a execu\u00e7\u00e3o, com o consentimento pr\u00e9vio e expresso do consumidor e usu\u00e1rio e com o reconhecimento de sua parte de que est\u00e1 ciente de que, ao final do contrato integralmente executado pelo empregador, perder\u00e1 seu direito de retirada. \"<\/span>\n<span>Basicamente, quando ocorre o primeiro login pago na plataforma, o usu\u00e1rio perde o direito de cancelar o pagamento atual e ganha acesso ao servi\u00e7o de mensagens privadas. Portanto, se n\u00e3o quiser continuar a usar o servi\u00e7o, voc\u00ea dever\u00e1 cancelar a assinatura da sua conta do PayPal.<\/span>\n<span>Os usu\u00e1rios podem solicitar todas as informa\u00e7\u00f5es que desejarem antes de se registrarem na plataforma por meio da \u00e1rea de contato, mas em nenhuma circunst\u00e2ncia os valores mensais ou anuais que j\u00e1 foram pagos ser\u00e3o reembolsados.<\/span>\n<h2><span>3-. Pol\u00edtica de conduta do usu\u00e1rio:<\/span><\/h2>\n<span>O n\u00e3o cumprimento das regras a seguir resultar\u00e1 na expuls\u00e3o da plataforma sem direito a reembolso do dinheiro pago e sem preju\u00edzo de qualquer a\u00e7\u00e3o legal que possa corresponder ao propriet\u00e1rio do site. Especificamente, o usu\u00e1rio se compromete a:<\/span>\n<ol>\n \t<li><span>N\u00e3o fazer uso ilegal ou imoral do conte\u00fado oferecido.<\/span><\/li>\n \t<li><span>N\u00e3o fa\u00e7a o download, nem tire capturas de tela do conte\u00fado dos perfis.<\/span><\/li>\n \t<li><span>Mantenha a confidencialidade e n\u00e3o distribua o conte\u00fado ou as opini\u00f5es do usu\u00e1rio fora da rede social.<\/span><\/li>\n \t<li><span>N\u00e3o ataque nem manipule o site de forma alguma.<\/span><\/li>\n \t<li><span>Prejudicar ou violar a moral ou os direitos dos criadores, usu\u00e1rios e funcion\u00e1rios do sugardaddylatam.com, como administradores, designers ou programadores. Seremos particularmente combativos com qualquer coment\u00e1rio xen\u00f3fobo ou discriminat\u00f3rio, com expuls\u00e3o imediata. Tamb\u00e9m levamos muito a s\u00e9rio golpes, esquemas de pir\u00e2mide e qualquer conte\u00fado que possa parecer fraudulento ou contr\u00e1rio \u00e0s boas pr\u00e1ticas.<\/span><\/li>\n \t<li><span>O SugardaddyLatinoamerica reserva-se o direito de admitir usu\u00e1rios por um per\u00edodo de teste e pode ser expulso se for detectado qualquer comportamento suspeito.<\/span><\/li>\n \t<li><span>Opini\u00f5es, conversas ou o envio de arquivos dentro do sugardaddylatam e entre usu\u00e1rios n\u00e3o podem sair do site ou ser citados, referenciados ou comunicados fora da rede social e dos canais estabelecidos, como notifica\u00e7\u00f5es por correio.<\/span><\/li>\n<\/ol>\n<h3><span>Regras do f\u00f3rum:<\/span><\/h3>\n<ol>\n \t<li><span>N\u00e3o s\u00e3o permitidos an\u00fancios de contato, pois \u00e9 para isso que serve a rede social.<\/span><\/li>\n \t<li><span>Qualquer ataque ao site ou a qualquer um de seus equipamentos ser\u00e1 motivo de expuls\u00e3o do f\u00f3rum.<\/span><\/li>\n \t<li><span>N\u00e3o \u00e9 permitido conte\u00fado er\u00f3tico ou pornogr\u00e1fico.<\/span><\/li>\n \t<li><span>N\u00e3o permitiremos nenhuma publicidade no site que consideremos desnecess\u00e1ria para fornecer informa\u00e7\u00f5es corretas ou que prejudique a competitividade do site.<\/span><\/li>\n \t<li><span>N\u00e3o s\u00e3o permitidas publica\u00e7\u00f5es repetidas ou duplicadas<\/span><\/li>\n \t<li><span>N\u00e3o s\u00e3o permitidos t\u00f3picos obscenos, de mau gosto ou ilegais.<\/span><\/li>\n \t<li><span>\u00c9 estritamente proibido criar links para conte\u00fado ilegal, software pirata, n\u00fameros de s\u00e9rie ou viola\u00e7\u00f5es de direitos autorais.<\/span><\/li>\n \t<li><span>\u00a0Os usu\u00e1rios que perturbarem o funcionamento adequado do f\u00f3rum com reclama\u00e7\u00f5es repetidas, desrespeito aos moderadores, \u00e0 administra\u00e7\u00e3o ou \u00e0s regras do f\u00f3rum ser\u00e3o punidos ou expulsos do f\u00f3rum, dependendo da gravidade. As mensagens p\u00fablicas referentes a tarefas de modera\u00e7\u00e3o\/administra\u00e7\u00e3o (edi\u00e7\u00e3o ou exclus\u00e3o de uma mensagem, fechamento de um t\u00f3pico, expuls\u00e3o do f\u00f3rum etc.) ser\u00e3o exclu\u00eddas. No caso de reclama\u00e7\u00f5es de modera\u00e7\u00e3o, voc\u00ea deve fazer isso em particular com o moderador e, se n\u00e3o receber uma resposta, deve informar o webmaster ou os administradores. Os administradores e moderadores do f\u00f3rum s\u00e3o as pessoas que t\u00eam o poder de determinar se uma postagem \u00e9 admiss\u00edvel ou n\u00e3o.<\/span><\/li>\n \t<li><span>Qualquer usu\u00e1rio tem o direito de denunciar qualquer viola\u00e7\u00e3o das regras do f\u00f3rum, informando o webmaster, os administradores ou os moderadores, que tomar\u00e3o as medidas adequadas.<\/span><\/li>\n<\/ol>\n<h2><span>4-. Registro na rede social e meios de pagamento.<\/span><\/h2>\n<span>O registro na rede social implica fazer login.<\/span>\n\n<span>Formas de pagamento: o pagamento pode ser feito mensalmente, trimestralmente e anualmente via PayPal.<\/span>\n\n<span>Descontos em gateways de pagamento.<\/span>\n<span>Em determinadas \u00e9pocas espec\u00edficas do ano, a administra\u00e7\u00e3o poder\u00e1 usar a p\u00e1gina inicial do site sugardaddylatam.com ou boletins informativos para anunciar ofertas a usu\u00e1rios espec\u00edficos novos ou que estejam retornando, sem o direito de compensa\u00e7\u00e3o ou indeniza\u00e7\u00e3o para outros usu\u00e1rios j\u00e1 registrados.<\/span>\n<h2><span>5- Boletins informativos eletr\u00f4nicos.<\/span><\/h2>\n<span>Podemos enviar informa\u00e7\u00f5es sobre servi\u00e7os e\/ou produtos contratados ou similares a assinantes, alunos e ex-alunos. O registro no sugardaddylatam.com implica consentimento expresso. Em qualquer caso, voc\u00ea pode cancelar sua inscri\u00e7\u00e3o nas mesmas listas de e-mail.<\/span>\n<h2><span>6-. Op\u00e7\u00f5es de configura\u00e7\u00f5es de privacidade volunt\u00e1rias.<\/span><\/h2>\n<span>- Voc\u00ea \u00e9 livre para fornecer ou n\u00e3o dados pessoais no sugardaddylatam.com dentro da rede social, bem como para modific\u00e1-los ou exclu\u00ed-los manualmente. Voc\u00ea pode definir suas prefer\u00eancias de e-mail e notifica\u00e7\u00e3o fazendo login em sua conta no site.<\/span>\n<span>- Observe que, mesmo que voc\u00ea opte por n\u00e3o assinar ou cancelar a assinatura de e-mails promocionais ou boletins informativos, ainda assim poderemos precisar entrar em contato com voc\u00ea para fornecer informa\u00e7\u00f5es sobre transa\u00e7\u00f5es e suas compras.<\/span>\n<span>- Voc\u00ea pode configurar como seu navegador lida com os cookies por meio das configura\u00e7\u00f5es de privacidade e seguran\u00e7a.<\/span>\n<span>4.8.2 Boletins informativos eletr\u00f4nicos.<\/span>\n<span>- Voc\u00ea receber\u00e1 e-mails e alertas sobre novas mensagens ou intera\u00e7\u00f5es na rede social.<\/span>\n<span>- Voc\u00ea receber\u00e1 e-mails quando se inscrever em um t\u00f3pico ou quando algu\u00e9m quiser entrar em contato com voc\u00ea.<\/span>\n\n<a href=\"https:\/\/sugardaddylatam.com\/pt\/politica-de-privacidad\/\"><span>Voc\u00ea pode ler a pol\u00edtica de privacidade e cookies aqui<\/span><\/a>\n<h2><span>7-. Motivos de seguran\u00e7a.<\/span><\/h2>\n<span>Para evitar ataques, armazenaremos dados de localiza\u00e7\u00e3o, tipo de navegador e sistema operacional, configura\u00e7\u00f5es de navega\u00e7\u00e3o no site (como cookies) e hist\u00f3rico de compras para fornecer informa\u00e7\u00f5es personalizadas sobre o site e boletins informativos (opcional).<\/span>\n<span>4.8.4. Concursos e outros.<\/span>\n<span>A Sugardaddyespa\u00f1a pode realizar concursos. Reservamo-nos o direito de solicitar informa\u00e7\u00f5es adicionais se for necess\u00e1rio enviar presentes ou qualquer outra informa\u00e7\u00e3o necess\u00e1ria para o concurso.<\/span>\n\n<span>Nossos usu\u00e1rios est\u00e3o cobertos pelas normas europeias e nacionais de prote\u00e7\u00e3o de dados. Conforme reconhecido pelo GDPR, voc\u00ea pode acessar seus dados, retificar os dados que considerar apropriados, limitar seu uso, opor-se a seu uso, cancelar os dados que nos forneceu ou transferir os dados que armazenamos para terceiros.<\/span>\n<span>Se desejar cancelar a assinatura de nossa plataforma, entre em contato com nossa equipe de suporte.<\/span>\n<span>4.10. Recursos ou f\u00f3runs de redes sociais.<\/span>\n<span>O site cont\u00e9m links para \u00e1reas onde voc\u00ea pode publicar informa\u00e7\u00f5es, comunicar-se com outras pessoas, como f\u00f3runs de discuss\u00e3o ou blogs, analisar produtos e publicar seu pr\u00f3prio conte\u00fado original. Qualquer pessoa pode acessar todas as informa\u00e7\u00f5es publicadas, exceto as mensagens privadas entre usu\u00e1rios.<\/span>\n<span>Se voc\u00ea publicar seu endere\u00e7o de e-mail junto com seu coment\u00e1rio p\u00fablico, poder\u00e1 receber spam. Recomendamos que voc\u00ea evite publicar seus dados pessoais ou os dados de terceiros. Voc\u00ea deve alter\u00e1-los manualmente, pois o sugardaddylatam.com n\u00e3o gera dados pessoais n\u00e3o solicitados.<\/span>\n<h2><span>8-. Devolu\u00e7\u00e3o e\/ou reembolso.<\/span><\/h2>\n<span>Devido \u00e0s condi\u00e7\u00f5es da rede social e \u00e0 exposi\u00e7\u00e3o de seu conte\u00fado, n\u00e3o podemos reembolsar ou cancelar a assinatura, j\u00e1 que a base do sugardaddylatam.com \u00e9 o acesso \u00e0 rede social com direito \u00e0 comunica\u00e7\u00e3o durante o per\u00edodo da assinatura e n\u00f3s nos comprometemos a cumprir o servi\u00e7o, fornecendo-lhe acesso independentemente de seu uso.<\/span>\n<span>Essa regra \u00e9 definitiva, exceto no caso de o usu\u00e1rio n\u00e3o ter sido ativado na assinatura paga da plataforma e n\u00e3o ter tido acesso a mensagens privadas ou \u00e0 possibilidade de enviar mensagens privadas (entende-se que o fato de poder enviar uma mensagem significa acessar conte\u00fado pago). Esse fato deve ser comprovado pelo usu\u00e1rio. A Sugardaddyespa\u00f1a tamb\u00e9m se reserva o direito de admiss\u00e3o em qualquer caso, podendo decidir expulsar um usu\u00e1rio se seu comportamento for inadequado ou recorrente, se fizer acusa\u00e7\u00f5es contra a plataforma, seu conte\u00fado ou seus respons\u00e1veis, ou se representar uma amea\u00e7a. Nesses casos, a Sugardaddyespa\u00f1a n\u00e3o far\u00e1 nenhum reembolso.<\/span>\n<span>Da mesma forma, o usu\u00e1rio faz pagamentos para poder enviar mensagens privadas temporariamente a outros usu\u00e1rios da rede social, o que significa que o usu\u00e1rio permanecer\u00e1 com acesso a esse servi\u00e7o enquanto durar o pagamento. O usu\u00e1rio n\u00e3o paga pelo envio de mensagens privadas, mas pela possibilidade de acessar o servi\u00e7o de mensagens privadas e pela comunica\u00e7\u00e3o privada com outros usu\u00e1rios.<\/span>\n\n<span>Se tiver alguma d\u00favida, entre em contato com a nossa\u00a0\u00a0<\/span><a href=\"https:\/\/sugardaddylatam.com\/pt\/contacto\/\"><span>se\u00e7\u00e3o de contato<\/span><\/a><span> \u00a0ou envie um e-mail para info@sugardaddylatam.com<\/span>","protected":false},"excerpt":{"rendered":"1-.\u00a0Condiciones de uso y contrataci\u00f3n de servicios en sugardaddylatam.com Precios: Los precios de Sugardaddyportugal.pt incluyen los impuestos vigentes en Latinoam\u00e9rica.\u00a0Los precios se dividen seg\u00fan el acceso. sugardaddylatam.com tiene tres planes de acceso a la red social. \u2022\u00a0\u00a0Acceso libre:\u00a0\u00a0por el que el usuario puede acceder a la red social y ver perfiles adem\u00e1s de leer en [&hellip;]","protected":false},"author":1,"featured_media":0,"parent":0,"menu_order":0,"comment_status":"closed","ping_status":"closed","template":"","meta":{"pmpro_default_level":"","footnotes":""},"class_list":["post-2430","page","type-page","status-publish","hentry","pmpro-has-access"],"featured_image_urls":{"full":"","thumbnail":"","medium":"","medium_large":"","large":"","1536x1536":"","2048x2048":"","trp-custom-language-flag":"","rt_media_thumbnail":"","rt_media_activity_image":"","rt_media_single_image":"","rt_media_featured_image":"","post-thumbnail":"","blog_carousel":"","crp_thumbnail":""},"post_excerpt_stackable":"1-.\u00a0Condiciones de uso y contrataci\u00f3n de servicios en sugardaddylatam.com Precios: Los precios de Sugardaddyportugal.pt incluyen los impuestos vigentes en Latinoam\u00e9rica.\u00a0Los precios se dividen seg\u00fan el acceso. sugardaddylatam.com tiene tres planes de acceso a la red social. \u2022\u00a0\u00a0Acceso libre:\u00a0\u00a0por el que el usuario puede acceder a la red social y ver perfiles adem\u00e1s de leer en el foro, pero no puede enviar mensajes privados ni publicar en el foro. \u2022\u00a0\u00a0Acceso mensual:\u00a0\u00a0mediante el cual el usuario podr\u00e1 acceder a la red social y al foro, as\u00ed como publicar en el foro y enviar mensajes privados durante los meses de renovaci\u00f3n de la&hellip;","category_list":"","author_info":{"name":"Administrador do Sugar Daddy","url":"https:\/\/sugardaddylatam.com\/pt\/author\/poweb\/"},"comments_num":"0 comments","featured_image_urls_v2":{"full":"","thumbnail":"","medium":"","medium_large":"","large":"","1536x1536":"","2048x2048":"","trp-custom-language-flag":"","rt_media_thumbnail":"","rt_media_activity_image":"","rt_media_single_image":"","rt_media_featured_image":"","post-thumbnail":"","blog_carousel":"","crp_thumbnail":""},"post_excerpt_stackable_v2":"1-.\u00a0Condiciones de uso y contrataci\u00f3n de servicios en sugardaddylatam.com Precios: Los precios de Sugardaddyportugal.pt incluyen los impuestos vigentes en Latinoam\u00e9rica.\u00a0Los precios se dividen seg\u00fan el acceso. sugardaddylatam.com tiene tres planes de acceso a la red social. \u2022\u00a0\u00a0Acceso libre:\u00a0\u00a0por el que el usuario puede acceder a la red social y ver perfiles adem\u00e1s de leer en el foro, pero no puede enviar mensajes privados ni publicar en el foro. \u2022\u00a0\u00a0Acceso mensual:\u00a0\u00a0mediante el cual el usuario podr\u00e1 acceder a la red social y al foro, as\u00ed como publicar en el foro y enviar mensajes privados durante los meses de renovaci\u00f3n de la&hellip;","category_list_v2":"","author_info_v2":{"name":"Administrador do Sugar Daddy","url":"https:\/\/sugardaddylatam.com\/pt\/author\/poweb\/"},"comments_num_v2":"0 comments","yoast_head":"<!-- This site is optimized with the Yoast SEO Premium plugin v24.3 (Yoast SEO v27.2) - https:\/\/yoast.com\/product\/yoast-seo-premium-wordpress\/ -->\n<title>Condiciones de uso<\/title>\n<meta name=\"robots\" content=\"noindex, nofollow\" \/>\n<meta property=\"og:locale\" content=\"pt_BR\" \/>\n<meta property=\"og:type\" content=\"article\" \/>\n<meta property=\"og:title\" content=\"Condiciones de uso\" \/>\n<meta property=\"og:description\" content=\"1-.\u00a0Condiciones de uso y contrataci\u00f3n de servicios en sugardaddylatam.com Precios: Los precios de Sugardaddyportugal.pt incluyen los impuestos vigentes en Latinoam\u00e9rica.\u00a0Los precios se dividen seg\u00fan el acceso. sugardaddylatam.com tiene tres planes de acceso a la red social. \u2022\u00a0\u00a0Acceso libre:\u00a0\u00a0por el que el usuario puede acceder a la red social y ver perfiles adem\u00e1s de leer en [&hellip;]\" \/>\n<meta property=\"og:url\" content=\"https:\/\/sugardaddylatam.com\/pt\/condicoes-de-uso\/\" \/>\n<meta property=\"og:site_name\" content=\"Sugar Daddy Latam \u2014 Sugar Dating n\u00ba1 en Latinoam\u00e9rica. Encuentra Sugar Daddy o Sugar Baby en Latinoam\u00e9rica\" \/>\n<meta property=\"article:publisher\" content=\"https:\/\/www.facebook.com\/people\/Sugar-Daddy-Latinoamrica\/61552824401638\/\" \/>\n<meta property=\"article:modified_time\" content=\"2023-01-12T08:20:54+00:00\" \/>\n<meta name=\"twitter:card\" content=\"summary_large_image\" \/>\n<meta name=\"twitter:site\" content=\"@SDLatamOficial\" \/>\n<meta name=\"twitter:label1\" content=\"Est. tempo de leitura\" \/>\n\t<meta name=\"twitter:data1\" content=\"8 minutos\" \/>\n<script type=\"application\/ld+json\" class=\"yoast-schema-graph\">{\"@context\":\"https:\/\/schema.org\",\"@graph\":[{\"@type\":\"WebPage\",\"@id\":\"https:\/\/sugardaddylatam.com\/condiciones-de-uso\/\",\"url\":\"https:\/\/sugardaddylatam.com\/condiciones-de-uso\/\",\"name\":\"Condiciones de uso\",\"isPartOf\":{\"@id\":\"https:\/\/sugardaddylatam.com\/#website\"},\"datePublished\":\"2019-01-22T08:31:57+00:00\",\"dateModified\":\"2023-01-12T08:20:54+00:00\",\"breadcrumb\":{\"@id\":\"https:\/\/sugardaddylatam.com\/condiciones-de-uso\/#breadcrumb\"},\"inLanguage\":\"pt-BR\",\"potentialAction\":[{\"@type\":\"ReadAction\",\"target\":[\"https:\/\/sugardaddylatam.com\/condiciones-de-uso\/\"]}]},{\"@type\":\"BreadcrumbList\",\"@id\":\"https:\/\/sugardaddylatam.com\/condiciones-de-uso\/#breadcrumb\",\"itemListElement\":[{\"@type\":\"ListItem\",\"position\":1,\"name\":\"Home\",\"item\":\"https:\/\/sugardaddylatam.com\/\"},{\"@type\":\"ListItem\",\"position\":2,\"name\":\"Condiciones de uso\"}]},{\"@type\":\"WebSite\",\"@id\":\"https:\/\/sugardaddylatam.com\/#website\",\"url\":\"https:\/\/sugardaddylatam.com\/\",\"name\":\"Sugar Daddy Latam \u2014 Sugar Dating n\u00ba1 en Latinoam\u00e9rica. Encuentra Sugar Daddy o Sugar Baby en Latinoam\u00e9rica\",\"description\":\"\u00danete a la red de sugar dating m\u00e1s grande de Latinoam\u00e9rica. +130.000 usuarios verificados en 17 pa\u00edses. Registro gratuito. Perfiles reales, acuerdos claros.\",\"publisher\":{\"@id\":\"https:\/\/sugardaddylatam.com\/#organization\"},\"potentialAction\":[{\"@type\":\"SearchAction\",\"target\":{\"@type\":\"EntryPoint\",\"urlTemplate\":\"https:\/\/sugardaddylatam.com\/?s={search_term_string}\"},\"query-input\":{\"@type\":\"PropertyValueSpecification\",\"valueRequired\":true,\"valueName\":\"search_term_string\"}}],\"inLanguage\":\"pt-BR\"},{\"@type\":\"Organization\",\"@id\":\"https:\/\/sugardaddylatam.com\/#organization\",\"name\":\"Sugar Daddy Latam \u2014 Sugar Dating n\u00ba1 en Latinoam\u00e9rica. Encuentra Sugar Daddy o Sugar Baby en Latinoam\u00e9rica\",\"url\":\"https:\/\/sugardaddylatam.com\/\",\"logo\":{\"@type\":\"ImageObject\",\"inLanguage\":\"pt-BR\",\"@id\":\"https:\/\/sugardaddylatam.com\/#\/schema\/logo\/image\/\",\"url\":\"https:\/\/sugardaddylatam.com\/wp-content\/uploads\/2023\/01\/sugardaddylatam.png\",\"contentUrl\":\"https:\/\/sugardaddylatam.com\/wp-content\/uploads\/2023\/01\/sugardaddylatam.png\",\"width\":350,\"height\":73,\"caption\":\"Sugar Daddy Latam \u2014 Sugar Dating n\u00ba1 en Latinoam\u00e9rica. Encuentra Sugar Daddy o Sugar Baby en Latinoam\u00e9rica\"},\"image\":{\"@id\":\"https:\/\/sugardaddylatam.com\/#\/schema\/logo\/image\/\"},\"sameAs\":[\"https:\/\/www.facebook.com\/people\/Sugar-Daddy-Latinoamrica\/61552824401638\/\",\"https:\/\/x.com\/SDLatamOficial\"]}]}<\/script>\n<!-- \/ Yoast SEO Premium plugin. -->","yoast_head_json":{"title":"Condi\u00e7\u00f5es de uso","robots":{"index":"noindex","follow":"nofollow"},"og_locale":"pt_BR","og_type":"article","og_title":"Condiciones de uso","og_description":"1-.\u00a0Condiciones de uso y contrataci\u00f3n de servicios en sugardaddylatam.com Precios: Los precios de Sugardaddyportugal.pt incluyen los impuestos vigentes en Latinoam\u00e9rica.\u00a0Los precios se dividen seg\u00fan el acceso. sugardaddylatam.com tiene tres planes de acceso a la red social. \u2022\u00a0\u00a0Acceso libre:\u00a0\u00a0por el que el usuario puede acceder a la red social y ver perfiles adem\u00e1s de leer en [&hellip;]","og_url":"https:\/\/sugardaddylatam.com\/pt\/condicoes-de-uso\/","og_site_name":"Sugar Daddy Latam \u2014 Sugar Dating n\u00ba1 en Latinoam\u00e9rica. Encuentra Sugar Daddy o Sugar Baby en Latinoam\u00e9rica","article_publisher":"https:\/\/www.facebook.com\/people\/Sugar-Daddy-Latinoamrica\/61552824401638\/","article_modified_time":"2023-01-12T08:20:54+00:00","twitter_card":"summary_large_image","twitter_site":"@SDLatamOficial","twitter_misc":{"Est. tempo de leitura":"8 minutos"},"schema":{"@context":"https:\/\/schema.org","@graph":[{"@type":"WebPage","@id":"https:\/\/sugardaddylatam.com\/condiciones-de-uso\/","url":"https:\/\/sugardaddylatam.com\/condiciones-de-uso\/","name":"Condi\u00e7\u00f5es de uso","isPartOf":{"@id":"https:\/\/sugardaddylatam.com\/#website"},"datePublished":"2019-01-22T08:31:57+00:00","dateModified":"2023-01-12T08:20:54+00:00","breadcrumb":{"@id":"https:\/\/sugardaddylatam.com\/condiciones-de-uso\/#breadcrumb"},"inLanguage":"pt-BR","potentialAction":[{"@type":"ReadAction","target":["https:\/\/sugardaddylatam.com\/condiciones-de-uso\/"]}]},{"@type":"BreadcrumbList","@id":"https:\/\/sugardaddylatam.com\/condiciones-de-uso\/#breadcrumb","itemListElement":[{"@type":"ListItem","position":1,"name":"Home","item":"https:\/\/sugardaddylatam.com\/"},{"@type":"ListItem","position":2,"name":"Condiciones de uso"}]},{"@type":"WebSite","@id":"https:\/\/sugardaddylatam.com\/#website","url":"https:\/\/sugardaddylatam.com\/","name":"Sugar Daddy Latam - Namoro por a\u00e7\u00facar n\u00ba 1 na Am\u00e9rica Latina. Encontre um Sugar Daddy ou um Sugar Baby na Am\u00e9rica Latina","description":"Junte-se \u00e0 maior rede de encontros de a\u00e7\u00facar da Am\u00e9rica Latina. +130.000 usu\u00e1rios verificados em 17 pa\u00edses. Registro gratuito. Perfis reais, acordos claros.","publisher":{"@id":"https:\/\/sugardaddylatam.com\/#organization"},"potentialAction":[{"@type":"SearchAction","target":{"@type":"EntryPoint","urlTemplate":"https:\/\/sugardaddylatam.com\/?s={search_term_string}"},"query-input":{"@type":"PropertyValueSpecification","valueRequired":true,"valueName":"search_term_string"}}],"inLanguage":"pt-BR"},{"@type":"Organization","@id":"https:\/\/sugardaddylatam.com\/#organization","name":"Sugar Daddy Latam - Namoro por a\u00e7\u00facar n\u00ba 1 na Am\u00e9rica Latina. Encontre um Sugar Daddy ou um Sugar Baby na Am\u00e9rica Latina","url":"https:\/\/sugardaddylatam.com\/","logo":{"@type":"ImageObject","inLanguage":"pt-BR","@id":"https:\/\/sugardaddylatam.com\/#\/schema\/logo\/image\/","url":"https:\/\/sugardaddylatam.com\/wp-content\/uploads\/2023\/01\/sugardaddylatam.png","contentUrl":"https:\/\/sugardaddylatam.com\/wp-content\/uploads\/2023\/01\/sugardaddylatam.png","width":350,"height":73,"caption":"Sugar Daddy Latam \u2014 Sugar Dating n\u00ba1 en Latinoam\u00e9rica. Encuentra Sugar Daddy o Sugar Baby en Latinoam\u00e9rica"},"image":{"@id":"https:\/\/sugardaddylatam.com\/#\/schema\/logo\/image\/"},"sameAs":["https:\/\/www.facebook.com\/people\/Sugar-Daddy-Latinoamrica\/61552824401638\/","https:\/\/x.com\/SDLatamOficial"]}]}},"_links":{"self":[{"href":"https:\/\/sugardaddylatam.com\/pt\/wp-json\/wp\/v2\/pages\/2430","targetHints":{"allow":["GET"]}}],"collection":[{"href":"https:\/\/sugardaddylatam.com\/pt\/wp-json\/wp\/v2\/pages"}],"about":[{"href":"https:\/\/sugardaddylatam.com\/pt\/wp-json\/wp\/v2\/types\/page"}],"author":[{"embeddable":true,"href":"https:\/\/sugardaddylatam.com\/pt\/wp-json\/wp\/v2\/users\/1"}],"replies":[{"embeddable":true,"href":"https:\/\/sugardaddylatam.com\/pt\/wp-json\/wp\/v2\/comments?post=2430"}],"version-history":[{"count":0,"href":"https:\/\/sugardaddylatam.com\/pt\/wp-json\/wp\/v2\/pages\/2430\/revisions"}],"wp:attachment":[{"href":"https:\/\/sugardaddylatam.com\/pt\/wp-json\/wp\/v2\/media?parent=2430"}],"curies":[{"name":"wp","href":"https:\/\/api.w.org\/{rel}","templated":true}]}}