{"id":2080,"date":"2018-12-24T11:18:13","date_gmt":"2018-12-24T11:18:13","guid":{"rendered":"https:\/\/sugardaddylatam.com\/?page_id=2080"},"modified":"2024-10-13T04:18:05","modified_gmt":"2024-10-13T07:18:05","slug":"contato","status":"publish","type":"page","link":"https:\/\/sugardaddylatam.com\/pt\/contact\/","title":{"rendered":"contato"},"content":{"rendered":"<h2 class=\"wp-block-heading\" id=\"h-contact-et-support\">Contato e suporte<\/h2>\n\n\n\n<div class=\"wp-block-contact-form-7-contact-form-selector\">\n<div class=\"wpcf7 no-js\" id=\"wpcf7-f4108-o1\" lang=\"pt-PT\" dir=\"ltr\" data-wpcf7-id=\"4108\">\n<div class=\"screen-reader-response\"><p role=\"status\" aria-live=\"polite\" aria-atomic=\"true\"><\/p> <ul><\/ul><\/div>\n<form action=\"\/pt\/wp-json\/wp\/v2\/pages\/2080#wpcf7-f4108-o1\" method=\"post\" class=\"wpcf7-form init\" aria-label=\"Formul\u00e1rio de contato\" novalidate=\"novalidate\" data-status=\"init\" data-trp-original-action=\"\/pt\/wp-json\/wp\/v2\/pages\/2080#wpcf7-f4108-o1\">\n<fieldset class=\"hidden-fields-container\"><input type=\"hidden\" name=\"_wpcf7\" value=\"4108\" \/><input type=\"hidden\" name=\"_wpcf7_version\" value=\"6.1.5\" \/><input type=\"hidden\" name=\"_wpcf7_locale\" value=\"pt_PT\" \/><input type=\"hidden\" name=\"_wpcf7_unit_tag\" value=\"wpcf7-f4108-o1\" \/><input type=\"hidden\" name=\"_wpcf7_container_post\" value=\"0\" \/><input type=\"hidden\" name=\"_wpcf7_posted_data_hash\" value=\"\" \/><input type=\"hidden\" name=\"_wpcf7_recaptcha_response\" value=\"\" \/>\n<\/fieldset>\n<p><label> Seu nome<br \/>\n<span class=\"wpcf7-form-control-wrap\" data-name=\"your-name\"><input size=\"40\" maxlength=\"400\" class=\"wpcf7-form-control wpcf7-text wpcf7-validates-as-required\" aria-required=\"true\" aria-invalid=\"false\" value=\"\" type=\"text\" name=\"your-name\" \/><\/span> <\/label>\n<\/p>\n<p><label> Seu e-mail<br \/>\n<span class=\"wpcf7-form-control-wrap\" data-name=\"your-email\"><input size=\"40\" maxlength=\"400\" class=\"wpcf7-form-control wpcf7-email wpcf7-validates-as-required wpcf7-text wpcf7-validates-as-email\" aria-required=\"true\" aria-invalid=\"false\" value=\"\" type=\"email\" name=\"your-email\" \/><\/span> <\/label>\n<\/p>\n<p><label> Assunto<br \/>\n<span class=\"wpcf7-form-control-wrap\" data-name=\"your-subject\"><input size=\"40\" maxlength=\"400\" class=\"wpcf7-form-control wpcf7-text wpcf7-validates-as-required\" aria-required=\"true\" aria-invalid=\"false\" value=\"\" type=\"text\" name=\"your-subject\" \/><\/span> <\/label>\n<\/p>\n<p><label> Sua mensagem (opcional)<br \/>\n<span class=\"wpcf7-form-control-wrap\" data-name=\"your-message\"><textarea cols=\"40\" rows=\"10\" maxlength=\"2000\" class=\"wpcf7-form-control wpcf7-textarea\" aria-invalid=\"false\" name=\"your-message\"><\/textarea><\/span> <\/label>\n<\/p>\n<p><input class=\"wpcf7-form-control wpcf7-submit has-spinner\" type=\"submit\" value=\"Enviar\" \/>\n<\/p><div class=\"wpcf7-response-output\" aria-hidden=\"true\"><\/div>\n<input type=\"hidden\" name=\"trp-form-language\" value=\"pt\"\/><\/form>\n<\/div>\n<\/div>\n\n\n\n<p class=\"has-small-font-size\">Os dados que voc\u00ea compartilha com a sugardaddylatam por e-mail ou formul\u00e1rio de contato s\u00e3o totalmente confidenciais. Seus dados s\u00e3o armazenados em bancos de dados do Gmail por meio do servi\u00e7o de e-mail fornecido ao propriet\u00e1rio do site pelo Google USA. Opcionalmente, seus dados tamb\u00e9m podem ser processados no banco de dados da OVH, que \u00e9 nosso provedor de hospedagem. Voc\u00ea pode encontrar mais informa\u00e7\u00f5es sobre o controlador de dados e como processamos os dados pessoais em nossa pol\u00edtica de privacidade.<\/p>\n\n\n\n<h3 class=\"wp-block-heading\" id=\"h-courrier-lectronique\">E-mail:<\/h3>\n\n\n\n<p class=\"has-text-align-center\">info@sugardaddylatam.com<\/p>","protected":false},"excerpt":{"rendered":"Contact et support Los datos que compartes con sugardaddylatam a trav\u00e9s de correo electr\u00f3nico o formulario de contacto son completamente confidenciales. Sus datos se archivan en bases de datos de Gmail a trav\u00e9s del servicio de correo electr\u00f3nico que Google USA proporciona al propietario del sitio web. Opcionalmente, tus datos tambi\u00e9n podr\u00e1n ser tratados en [&hellip;]","protected":false},"author":1,"featured_media":0,"parent":0,"menu_order":0,"comment_status":"closed","ping_status":"closed","template":"","meta":{"pmpro_default_level":"","footnotes":""},"class_list":["post-2080","page","type-page","status-publish","hentry","pmpro-has-access"],"featured_image_urls":{"full":"","thumbnail":"","medium":"","medium_large":"","large":"","1536x1536":"","2048x2048":"","trp-custom-language-flag":"","rt_media_thumbnail":"","rt_media_activity_image":"","rt_media_single_image":"","rt_media_featured_image":"","post-thumbnail":"","blog_carousel":"","crp_thumbnail":""},"post_excerpt_stackable":"Contact et support Your name Your email Assunto Your message (optional) Los datos que compartes con sugardaddylatam a trav\u00e9s de correo electr\u00f3nico o formulario de contacto son completamente confidenciales. Sus datos se archivan en bases de datos de Gmail a trav\u00e9s del servicio de correo electr\u00f3nico que Google USA proporciona al propietario del sitio web. Opcionalmente, tus datos tambi\u00e9n podr\u00e1n ser tratados en la base de datos de OVH, que es nuestro proveedor de hosting. Puedes obtener m\u00e1s informaci\u00f3n sobre el responsable del tratamiento y c\u00f3mo procesamos los datos personales en nuestra pol\u00edtica de privacidad. Correo electr\u00f3nico: info@sugardaddylatam.com","category_list":"","author_info":{"name":"Administrador do Sugar Daddy","url":"https:\/\/sugardaddylatam.com\/pt\/author\/poweb\/"},"comments_num":"0 comments","featured_image_urls_v2":{"full":"","thumbnail":"","medium":"","medium_large":"","large":"","1536x1536":"","2048x2048":"","trp-custom-language-flag":"","rt_media_thumbnail":"","rt_media_activity_image":"","rt_media_single_image":"","rt_media_featured_image":"","post-thumbnail":"","blog_carousel":"","crp_thumbnail":""},"post_excerpt_stackable_v2":"Contact et support Your name Your email Assunto Your message (optional) Los datos que compartes con sugardaddylatam a trav\u00e9s de correo electr\u00f3nico o formulario de contacto son completamente confidenciales. Sus datos se archivan en bases de datos de Gmail a trav\u00e9s del servicio de correo electr\u00f3nico que Google USA proporciona al propietario del sitio web. Opcionalmente, tus datos tambi\u00e9n podr\u00e1n ser tratados en la base de datos de OVH, que es nuestro proveedor de hosting. Puedes obtener m\u00e1s informaci\u00f3n sobre el responsable del tratamiento y c\u00f3mo procesamos los datos personales en nuestra pol\u00edtica de privacidad. Correo electr\u00f3nico: info@sugardaddylatam.com","category_list_v2":"","author_info_v2":{"name":"Administrador do Sugar Daddy","url":"https:\/\/sugardaddylatam.com\/pt\/author\/poweb\/"},"comments_num_v2":"0 comments","yoast_head":"<!-- This site is optimized with the Yoast SEO Premium plugin v24.3 (Yoast SEO v27.2) - https:\/\/yoast.com\/product\/yoast-seo-premium-wordpress\/ -->\n<title>contact<\/title>\n<meta name=\"robots\" content=\"index, follow, max-snippet:-1, max-image-preview:large, max-video-preview:-1\" \/>\n<link rel=\"canonical\" href=\"https:\/\/sugardaddylatam.com\/pt\/contato\/\" \/>\n<meta property=\"og:locale\" content=\"pt_BR\" \/>\n<meta property=\"og:type\" content=\"article\" \/>\n<meta property=\"og:title\" content=\"contact\" \/>\n<meta property=\"og:description\" content=\"Contact et support Los datos que compartes con sugardaddylatam a trav\u00e9s de correo electr\u00f3nico o formulario de contacto son completamente confidenciales. Sus datos se archivan en bases de datos de Gmail a trav\u00e9s del servicio de correo electr\u00f3nico que Google USA proporciona al propietario del sitio web. Opcionalmente, tus datos tambi\u00e9n podr\u00e1n ser tratados en [&hellip;]\" \/>\n<meta property=\"og:url\" content=\"https:\/\/sugardaddylatam.com\/pt\/contato\/\" \/>\n<meta property=\"og:site_name\" content=\"Sugar Daddy Latam \u2014 Sugar Dating n\u00ba1 en Latinoam\u00e9rica. Encuentra Sugar Daddy o Sugar Baby en Latinoam\u00e9rica\" \/>\n<meta property=\"article:publisher\" content=\"https:\/\/www.facebook.com\/people\/Sugar-Daddy-Latinoamrica\/61552824401638\/\" \/>\n<meta property=\"article:modified_time\" content=\"2024-10-13T07:18:05+00:00\" \/>\n<meta name=\"twitter:card\" content=\"summary_large_image\" \/>\n<meta name=\"twitter:site\" content=\"@SDLatamOficial\" \/>\n<meta name=\"twitter:label1\" content=\"Est. tempo de leitura\" \/>\n\t<meta name=\"twitter:data1\" content=\"1 minuto\" \/>\n<script type=\"application\/ld+json\" class=\"yoast-schema-graph\">{\"@context\":\"https:\/\/schema.org\",\"@graph\":[{\"@type\":\"WebPage\",\"@id\":\"https:\/\/sugardaddylatam.com\/contact\/\",\"url\":\"https:\/\/sugardaddylatam.com\/contact\/\",\"name\":\"contact\",\"isPartOf\":{\"@id\":\"https:\/\/sugardaddylatam.com\/#website\"},\"datePublished\":\"2018-12-24T11:18:13+00:00\",\"dateModified\":\"2024-10-13T07:18:05+00:00\",\"breadcrumb\":{\"@id\":\"https:\/\/sugardaddylatam.com\/contact\/#breadcrumb\"},\"inLanguage\":\"pt-BR\",\"potentialAction\":[{\"@type\":\"ReadAction\",\"target\":[\"https:\/\/sugardaddylatam.com\/contact\/\"]}]},{\"@type\":\"BreadcrumbList\",\"@id\":\"https:\/\/sugardaddylatam.com\/contact\/#breadcrumb\",\"itemListElement\":[{\"@type\":\"ListItem\",\"position\":1,\"name\":\"Home\",\"item\":\"https:\/\/sugardaddylatam.com\/\"},{\"@type\":\"ListItem\",\"position\":2,\"name\":\"contact\"}]},{\"@type\":\"WebSite\",\"@id\":\"https:\/\/sugardaddylatam.com\/#website\",\"url\":\"https:\/\/sugardaddylatam.com\/\",\"name\":\"Sugar Daddy Latam \u2014 Sugar Dating n\u00ba1 en Latinoam\u00e9rica. Encuentra Sugar Daddy o Sugar Baby en Latinoam\u00e9rica\",\"description\":\"\u00danete a la red de sugar dating m\u00e1s grande de Latinoam\u00e9rica. +130.000 usuarios verificados en 17 pa\u00edses. Registro gratuito. Perfiles reales, acuerdos claros.\",\"publisher\":{\"@id\":\"https:\/\/sugardaddylatam.com\/#organization\"},\"potentialAction\":[{\"@type\":\"SearchAction\",\"target\":{\"@type\":\"EntryPoint\",\"urlTemplate\":\"https:\/\/sugardaddylatam.com\/?s={search_term_string}\"},\"query-input\":{\"@type\":\"PropertyValueSpecification\",\"valueRequired\":true,\"valueName\":\"search_term_string\"}}],\"inLanguage\":\"pt-BR\"},{\"@type\":\"Organization\",\"@id\":\"https:\/\/sugardaddylatam.com\/#organization\",\"name\":\"Sugar Daddy Latam \u2014 Sugar Dating n\u00ba1 en Latinoam\u00e9rica. Encuentra Sugar Daddy o Sugar Baby en Latinoam\u00e9rica\",\"url\":\"https:\/\/sugardaddylatam.com\/\",\"logo\":{\"@type\":\"ImageObject\",\"inLanguage\":\"pt-BR\",\"@id\":\"https:\/\/sugardaddylatam.com\/#\/schema\/logo\/image\/\",\"url\":\"https:\/\/sugardaddylatam.com\/wp-content\/uploads\/2023\/01\/sugardaddylatam.png\",\"contentUrl\":\"https:\/\/sugardaddylatam.com\/wp-content\/uploads\/2023\/01\/sugardaddylatam.png\",\"width\":350,\"height\":73,\"caption\":\"Sugar Daddy Latam \u2014 Sugar Dating n\u00ba1 en Latinoam\u00e9rica. Encuentra Sugar Daddy o Sugar Baby en Latinoam\u00e9rica\"},\"image\":{\"@id\":\"https:\/\/sugardaddylatam.com\/#\/schema\/logo\/image\/\"},\"sameAs\":[\"https:\/\/www.facebook.com\/people\/Sugar-Daddy-Latinoamrica\/61552824401638\/\",\"https:\/\/x.com\/SDLatamOficial\"]}]}<\/script>\n<!-- \/ Yoast SEO Premium plugin. -->","yoast_head_json":{"title":"contato","robots":{"index":"index","follow":"follow","max-snippet":"max-snippet:-1","max-image-preview":"max-image-preview:large","max-video-preview":"max-video-preview:-1"},"canonical":"https:\/\/sugardaddylatam.com\/pt\/contato\/","og_locale":"pt_BR","og_type":"article","og_title":"contact","og_description":"Contact et support Los datos que compartes con sugardaddylatam a trav\u00e9s de correo electr\u00f3nico o formulario de contacto son completamente confidenciales. Sus datos se archivan en bases de datos de Gmail a trav\u00e9s del servicio de correo electr\u00f3nico que Google USA proporciona al propietario del sitio web. Opcionalmente, tus datos tambi\u00e9n podr\u00e1n ser tratados en [&hellip;]","og_url":"https:\/\/sugardaddylatam.com\/pt\/contato\/","og_site_name":"Sugar Daddy Latam \u2014 Sugar Dating n\u00ba1 en Latinoam\u00e9rica. Encuentra Sugar Daddy o Sugar Baby en Latinoam\u00e9rica","article_publisher":"https:\/\/www.facebook.com\/people\/Sugar-Daddy-Latinoamrica\/61552824401638\/","article_modified_time":"2024-10-13T07:18:05+00:00","twitter_card":"summary_large_image","twitter_site":"@SDLatamOficial","twitter_misc":{"Est. tempo de leitura":"1 minuto"},"schema":{"@context":"https:\/\/schema.org","@graph":[{"@type":"WebPage","@id":"https:\/\/sugardaddylatam.com\/contact\/","url":"https:\/\/sugardaddylatam.com\/contact\/","name":"contato","isPartOf":{"@id":"https:\/\/sugardaddylatam.com\/#website"},"datePublished":"2018-12-24T11:18:13+00:00","dateModified":"2024-10-13T07:18:05+00:00","breadcrumb":{"@id":"https:\/\/sugardaddylatam.com\/contact\/#breadcrumb"},"inLanguage":"pt-BR","potentialAction":[{"@type":"ReadAction","target":["https:\/\/sugardaddylatam.com\/contact\/"]}]},{"@type":"BreadcrumbList","@id":"https:\/\/sugardaddylatam.com\/contact\/#breadcrumb","itemListElement":[{"@type":"ListItem","position":1,"name":"Home","item":"https:\/\/sugardaddylatam.com\/"},{"@type":"ListItem","position":2,"name":"contact"}]},{"@type":"WebSite","@id":"https:\/\/sugardaddylatam.com\/#website","url":"https:\/\/sugardaddylatam.com\/","name":"Sugar Daddy Latam - Namoro por a\u00e7\u00facar n\u00ba 1 na Am\u00e9rica Latina. Encontre um Sugar Daddy ou um Sugar Baby na Am\u00e9rica Latina","description":"Junte-se \u00e0 maior rede de encontros de a\u00e7\u00facar da Am\u00e9rica Latina. +130.000 usu\u00e1rios verificados em 17 pa\u00edses. Registro gratuito. Perfis reais, acordos claros.","publisher":{"@id":"https:\/\/sugardaddylatam.com\/#organization"},"potentialAction":[{"@type":"SearchAction","target":{"@type":"EntryPoint","urlTemplate":"https:\/\/sugardaddylatam.com\/?s={search_term_string}"},"query-input":{"@type":"PropertyValueSpecification","valueRequired":true,"valueName":"search_term_string"}}],"inLanguage":"pt-BR"},{"@type":"Organization","@id":"https:\/\/sugardaddylatam.com\/#organization","name":"Sugar Daddy Latam - Namoro por a\u00e7\u00facar n\u00ba 1 na Am\u00e9rica Latina. Encontre um Sugar Daddy ou um Sugar Baby na Am\u00e9rica Latina","url":"https:\/\/sugardaddylatam.com\/","logo":{"@type":"ImageObject","inLanguage":"pt-BR","@id":"https:\/\/sugardaddylatam.com\/#\/schema\/logo\/image\/","url":"https:\/\/sugardaddylatam.com\/wp-content\/uploads\/2023\/01\/sugardaddylatam.png","contentUrl":"https:\/\/sugardaddylatam.com\/wp-content\/uploads\/2023\/01\/sugardaddylatam.png","width":350,"height":73,"caption":"Sugar Daddy Latam \u2014 Sugar Dating n\u00ba1 en Latinoam\u00e9rica. Encuentra Sugar Daddy o Sugar Baby en Latinoam\u00e9rica"},"image":{"@id":"https:\/\/sugardaddylatam.com\/#\/schema\/logo\/image\/"},"sameAs":["https:\/\/www.facebook.com\/people\/Sugar-Daddy-Latinoamrica\/61552824401638\/","https:\/\/x.com\/SDLatamOficial"]}]}},"_links":{"self":[{"href":"https:\/\/sugardaddylatam.com\/pt\/wp-json\/wp\/v2\/pages\/2080","targetHints":{"allow":["GET"]}}],"collection":[{"href":"https:\/\/sugardaddylatam.com\/pt\/wp-json\/wp\/v2\/pages"}],"about":[{"href":"https:\/\/sugardaddylatam.com\/pt\/wp-json\/wp\/v2\/types\/page"}],"author":[{"embeddable":true,"href":"https:\/\/sugardaddylatam.com\/pt\/wp-json\/wp\/v2\/users\/1"}],"replies":[{"embeddable":true,"href":"https:\/\/sugardaddylatam.com\/pt\/wp-json\/wp\/v2\/comments?post=2080"}],"version-history":[{"count":0,"href":"https:\/\/sugardaddylatam.com\/pt\/wp-json\/wp\/v2\/pages\/2080\/revisions"}],"wp:attachment":[{"href":"https:\/\/sugardaddylatam.com\/pt\/wp-json\/wp\/v2\/media?parent=2080"}],"curies":[{"name":"wp","href":"https:\/\/api.w.org\/{rel}","templated":true}]}}