{"id":6340,"date":"2024-10-13T04:54:35","date_gmt":"2024-10-13T07:54:35","guid":{"rendered":"https:\/\/sugardaddylatam.com\/?page_id=6340"},"modified":"2026-01-14T11:42:42","modified_gmt":"2026-01-14T14:42:42","slug":"about-us","status":"publish","type":"page","link":"https:\/\/sugardaddylatam.com\/en\/sobre-nosotros\/","title":{"rendered":"About Us"},"content":{"rendered":"<p>Founded in 2017, <strong>Sugar DaddyLatam.com<\/strong> was born to meet the growing need for an authentic and exclusive sugar dating platform for Latin American users. With a simple and accessible registration system and a local 100% community, we are committed to offering a unique experience that allows users to connect with people close to their location quickly and securely.<\/p>\n\n\n\n<h2 class=\"wp-block-heading has-text-align-center\" id=\"h-nuestros-valores\">Our Values<\/h2>\n\n\n\n<p>We know that the key to a healthy and successful community lies in the values that drive its development. That is why, at <strong>Sugar DaddyLatam.com<\/strong>We are constantly working to improve our users' experience under these fundamental pillars:<\/p>\n\n\n\n<h3 class=\"wp-block-heading\" id=\"h-seguridad\"><strong>Safety:<\/strong><\/h3>\n\n\n\n<p>The security of our users is our priority. Therefore, we have implemented data protection best practices, complying with GDPR and other local privacy regulations. We are dedicated to fighting spam, fake profiles and any kind of scam, ensuring a safe experience both on the platform and in online dating in general.<\/p>\n\n\n\n<h3 class=\"wp-block-heading\" id=\"h-educacion\"><strong>Education:<\/strong><\/h3>\n\n\n\n<p>We are committed to educate and promote a clear and authentic understanding of the world of sugar dating, so that every user who joins our platform thoroughly understands what the terms mean. <strong>Sugar Daddy<\/strong>, <strong>sugar baby<\/strong>, y <strong>Sugar Dating<\/strong>. We want our members to see sugardating as a fun and enriching way to expand their social circle and improve their quality of life.<\/p>\n\n\n\n<h3 class=\"wp-block-heading\" id=\"h-confianza\"><strong>Trust:<\/strong><\/h3>\n\n\n\n<p>Transparency and friendliness are the basis of our customer service. We offer multiple contact options to solve any doubt, as well as a detailed help center with answers to the most frequently asked questions. Our goal is for users to have full confidence in our platform and our service.<\/p>\n\n\n\n<h3 class=\"wp-block-heading\" id=\"h-transparencia\"><strong>Transparency:<\/strong><\/h3>\n\n\n\n<p>Both in our payment system and in our privacy and contracting policies, we provide all the information in a clear and precise manner. Users can access their personal data and have the possibility to delete it directly from their profile, thus guaranteeing total control over their information.<\/p>\n\n\n\n<h2 class=\"wp-block-heading\" id=\"h-que-nos-hace-diferentes\">What makes us different?<\/h2>\n\n\n\n<h3 class=\"wp-block-heading\" id=\"h-comunidad-local\"><strong>Local Community:<\/strong><\/h3>\n\n\n\n<p>Our platform is designed exclusively for local users. By avoiding bots and spammers from other countries, we ensure that every interaction is genuine and relevant, allowing users to connect with people close to them without having to deal with profiles they are not interested in.<\/p>\n\n\n\n<h3 class=\"wp-block-heading\" id=\"h-discrecion-absoluta\"><strong>Absolute discretion:<\/strong><\/h3>\n\n\n\n<p>We prioritize your privacy. At <strong>Sugar DaddyLatam.com<\/strong>You will not receive annoying notifications or constant offers in your email. We offer total discretion in all your interactions, and you decide when to activate or deactivate notifications according to your preferences.<\/p>\n\n\n\n<h3 class=\"wp-block-heading\" id=\"h-facilidad-de-uso\"><strong>Ease of use:<\/strong><\/h3>\n\n\n\n<p>Forget about complicated systems of credits or charges for each message. If you are <strong>sugar baby<\/strong>you can chat for free; if you are <strong>Sugar Daddy<\/strong>You pay a clear monthly fee with no commitment of permanence. You can cancel your subscription at any time, no gimmicks or hidden fees.<\/p>\n\n\n\n<p><\/p>","protected":false},"excerpt":{"rendered":"Fundada en 2017, Sugar DaddyLatam.com naci\u00f3 para satisfacer la creciente necesidad de una plataforma de sugar dating aut\u00e9ntica y exclusiva para los usuarios de Am\u00e9rica Latina. Con un sistema de registro sencillo y accesible, y una comunidad 100% local, nos hemos comprometido a ofrecer una experiencia \u00fanica que permite a los usuarios conectar con personas [&hellip;]","protected":false},"author":1,"featured_media":0,"parent":0,"menu_order":0,"comment_status":"closed","ping_status":"closed","template":"","meta":{"pmpro_default_level":"","footnotes":""},"class_list":["post-6340","page","type-page","status-publish","hentry","pmpro-has-access"],"featured_image_urls":{"full":"","thumbnail":"","medium":"","medium_large":"","large":"","1536x1536":"","2048x2048":"","trp-custom-language-flag":"","rt_media_thumbnail":"","rt_media_activity_image":"","rt_media_single_image":"","rt_media_featured_image":"","post-thumbnail":"","blog_carousel":"","crp_thumbnail":""},"post_excerpt_stackable":"Fundada en 2017, Sugar DaddyLatam.com naci\u00f3 para satisfacer la creciente necesidad de una plataforma de sugar dating aut\u00e9ntica y exclusiva para los usuarios de Am\u00e9rica Latina. Con un sistema de registro sencillo y accesible, y una comunidad 100% local, nos hemos comprometido a ofrecer una experiencia \u00fanica que permite a los usuarios conectar con personas cercanas a su localidad de manera r\u00e1pida y segura. Nuestros Valores Sabemos que la clave de una comunidad sana y exitosa radica en los valores que impulsan su desarrollo. Por eso, en Sugar DaddyLatam.com, trabajamos constantemente para mejorar la experiencia de nuestros usuarios bajo estos&hellip;","category_list":"","author_info":{"name":"Sugar Daddy Admin","url":"https:\/\/sugardaddylatam.com\/en\/author\/poweb\/"},"comments_num":"0 comments","featured_image_urls_v2":{"full":"","thumbnail":"","medium":"","medium_large":"","large":"","1536x1536":"","2048x2048":"","trp-custom-language-flag":"","rt_media_thumbnail":"","rt_media_activity_image":"","rt_media_single_image":"","rt_media_featured_image":"","post-thumbnail":"","blog_carousel":"","crp_thumbnail":""},"post_excerpt_stackable_v2":"Fundada en 2017, Sugar DaddyLatam.com naci\u00f3 para satisfacer la creciente necesidad de una plataforma de sugar dating aut\u00e9ntica y exclusiva para los usuarios de Am\u00e9rica Latina. Con un sistema de registro sencillo y accesible, y una comunidad 100% local, nos hemos comprometido a ofrecer una experiencia \u00fanica que permite a los usuarios conectar con personas cercanas a su localidad de manera r\u00e1pida y segura. Nuestros Valores Sabemos que la clave de una comunidad sana y exitosa radica en los valores que impulsan su desarrollo. Por eso, en Sugar DaddyLatam.com, trabajamos constantemente para mejorar la experiencia de nuestros usuarios bajo estos&hellip;","category_list_v2":"","author_info_v2":{"name":"Sugar Daddy Admin","url":"https:\/\/sugardaddylatam.com\/en\/author\/poweb\/"},"comments_num_v2":"0 comments","yoast_head":"<!-- This site is optimized with the Yoast SEO Premium plugin v24.3 (Yoast SEO v27.2) - https:\/\/yoast.com\/product\/yoast-seo-premium-wordpress\/ -->\n<title>Sobre Nosotros<\/title>\n<meta name=\"robots\" content=\"index, follow, max-snippet:-1, max-image-preview:large, max-video-preview:-1\" \/>\n<link rel=\"canonical\" href=\"https:\/\/sugardaddylatam.com\/en\/about-us\/\" \/>\n<meta property=\"og:locale\" content=\"en_US\" \/>\n<meta property=\"og:type\" content=\"article\" \/>\n<meta property=\"og:title\" content=\"Sobre Nosotros\" \/>\n<meta property=\"og:description\" content=\"Fundada en 2017, Sugar DaddyLatam.com naci\u00f3 para satisfacer la creciente necesidad de una plataforma de sugar dating aut\u00e9ntica y exclusiva para los usuarios de Am\u00e9rica Latina. Con un sistema de registro sencillo y accesible, y una comunidad 100% local, nos hemos comprometido a ofrecer una experiencia \u00fanica que permite a los usuarios conectar con personas [&hellip;]\" \/>\n<meta property=\"og:url\" content=\"https:\/\/sugardaddylatam.com\/en\/about-us\/\" \/>\n<meta property=\"og:site_name\" content=\"Sugar Daddy Latam \u2014 Sugar Dating n\u00ba1 en Latinoam\u00e9rica. Encuentra Sugar Daddy o Sugar Baby en Latinoam\u00e9rica\" \/>\n<meta property=\"article:publisher\" content=\"https:\/\/www.facebook.com\/people\/Sugar-Daddy-Latinoamrica\/61552824401638\/\" \/>\n<meta property=\"article:modified_time\" content=\"2026-01-14T14:42:42+00:00\" \/>\n<meta name=\"twitter:card\" content=\"summary_large_image\" \/>\n<meta name=\"twitter:site\" content=\"@SDLatamOficial\" \/>\n<meta name=\"twitter:label1\" content=\"Est. reading time\" \/>\n\t<meta name=\"twitter:data1\" content=\"3 minutes\" \/>\n<script type=\"application\/ld+json\" class=\"yoast-schema-graph\">{\"@context\":\"https:\/\/schema.org\",\"@graph\":[{\"@type\":\"WebPage\",\"@id\":\"https:\/\/sugardaddylatam.com\/sobre-nosotros\/\",\"url\":\"https:\/\/sugardaddylatam.com\/sobre-nosotros\/\",\"name\":\"Sobre Nosotros\",\"isPartOf\":{\"@id\":\"https:\/\/sugardaddylatam.com\/#website\"},\"datePublished\":\"2024-10-13T07:54:35+00:00\",\"dateModified\":\"2026-01-14T14:42:42+00:00\",\"breadcrumb\":{\"@id\":\"https:\/\/sugardaddylatam.com\/sobre-nosotros\/#breadcrumb\"},\"inLanguage\":\"en-US\",\"potentialAction\":[{\"@type\":\"ReadAction\",\"target\":[\"https:\/\/sugardaddylatam.com\/sobre-nosotros\/\"]}]},{\"@type\":\"BreadcrumbList\",\"@id\":\"https:\/\/sugardaddylatam.com\/sobre-nosotros\/#breadcrumb\",\"itemListElement\":[{\"@type\":\"ListItem\",\"position\":1,\"name\":\"Home\",\"item\":\"https:\/\/sugardaddylatam.com\/\"},{\"@type\":\"ListItem\",\"position\":2,\"name\":\"Sobre Nosotros\"}]},{\"@type\":\"WebSite\",\"@id\":\"https:\/\/sugardaddylatam.com\/#website\",\"url\":\"https:\/\/sugardaddylatam.com\/\",\"name\":\"Sugar Daddy Latam \u2014 Sugar Dating n\u00ba1 en Latinoam\u00e9rica. Encuentra Sugar Daddy o Sugar Baby en Latinoam\u00e9rica\",\"description\":\"\u00danete a la red de sugar dating m\u00e1s grande de Latinoam\u00e9rica. +130.000 usuarios verificados en 17 pa\u00edses. Registro gratuito. Perfiles reales, acuerdos claros.\",\"publisher\":{\"@id\":\"https:\/\/sugardaddylatam.com\/#organization\"},\"potentialAction\":[{\"@type\":\"SearchAction\",\"target\":{\"@type\":\"EntryPoint\",\"urlTemplate\":\"https:\/\/sugardaddylatam.com\/?s={search_term_string}\"},\"query-input\":{\"@type\":\"PropertyValueSpecification\",\"valueRequired\":true,\"valueName\":\"search_term_string\"}}],\"inLanguage\":\"en-US\"},{\"@type\":\"Organization\",\"@id\":\"https:\/\/sugardaddylatam.com\/#organization\",\"name\":\"Sugar Daddy Latam \u2014 Sugar Dating n\u00ba1 en Latinoam\u00e9rica. Encuentra Sugar Daddy o Sugar Baby en Latinoam\u00e9rica\",\"url\":\"https:\/\/sugardaddylatam.com\/\",\"logo\":{\"@type\":\"ImageObject\",\"inLanguage\":\"en-US\",\"@id\":\"https:\/\/sugardaddylatam.com\/#\/schema\/logo\/image\/\",\"url\":\"https:\/\/sugardaddylatam.com\/wp-content\/uploads\/2023\/01\/sugardaddylatam.png\",\"contentUrl\":\"https:\/\/sugardaddylatam.com\/wp-content\/uploads\/2023\/01\/sugardaddylatam.png\",\"width\":350,\"height\":73,\"caption\":\"Sugar Daddy Latam \u2014 Sugar Dating n\u00ba1 en Latinoam\u00e9rica. Encuentra Sugar Daddy o Sugar Baby en Latinoam\u00e9rica\"},\"image\":{\"@id\":\"https:\/\/sugardaddylatam.com\/#\/schema\/logo\/image\/\"},\"sameAs\":[\"https:\/\/www.facebook.com\/people\/Sugar-Daddy-Latinoamrica\/61552824401638\/\",\"https:\/\/x.com\/SDLatamOficial\"]}]}<\/script>\n<!-- \/ Yoast SEO Premium plugin. -->","yoast_head_json":{"title":"About Us","robots":{"index":"index","follow":"follow","max-snippet":"max-snippet:-1","max-image-preview":"max-image-preview:large","max-video-preview":"max-video-preview:-1"},"canonical":"https:\/\/sugardaddylatam.com\/en\/about-us\/","og_locale":"en_US","og_type":"article","og_title":"Sobre Nosotros","og_description":"Fundada en 2017, Sugar DaddyLatam.com naci\u00f3 para satisfacer la creciente necesidad de una plataforma de sugar dating aut\u00e9ntica y exclusiva para los usuarios de Am\u00e9rica Latina. Con un sistema de registro sencillo y accesible, y una comunidad 100% local, nos hemos comprometido a ofrecer una experiencia \u00fanica que permite a los usuarios conectar con personas [&hellip;]","og_url":"https:\/\/sugardaddylatam.com\/en\/about-us\/","og_site_name":"Sugar Daddy Latam \u2014 Sugar Dating n\u00ba1 en Latinoam\u00e9rica. Encuentra Sugar Daddy o Sugar Baby en Latinoam\u00e9rica","article_publisher":"https:\/\/www.facebook.com\/people\/Sugar-Daddy-Latinoamrica\/61552824401638\/","article_modified_time":"2026-01-14T14:42:42+00:00","twitter_card":"summary_large_image","twitter_site":"@SDLatamOficial","twitter_misc":{"Est. reading time":"3 minutes"},"schema":{"@context":"https:\/\/schema.org","@graph":[{"@type":"WebPage","@id":"https:\/\/sugardaddylatam.com\/sobre-nosotros\/","url":"https:\/\/sugardaddylatam.com\/sobre-nosotros\/","name":"About Us","isPartOf":{"@id":"https:\/\/sugardaddylatam.com\/#website"},"datePublished":"2024-10-13T07:54:35+00:00","dateModified":"2026-01-14T14:42:42+00:00","breadcrumb":{"@id":"https:\/\/sugardaddylatam.com\/sobre-nosotros\/#breadcrumb"},"inLanguage":"en-US","potentialAction":[{"@type":"ReadAction","target":["https:\/\/sugardaddylatam.com\/sobre-nosotros\/"]}]},{"@type":"BreadcrumbList","@id":"https:\/\/sugardaddylatam.com\/sobre-nosotros\/#breadcrumb","itemListElement":[{"@type":"ListItem","position":1,"name":"Home","item":"https:\/\/sugardaddylatam.com\/"},{"@type":"ListItem","position":2,"name":"Sobre Nosotros"}]},{"@type":"WebSite","@id":"https:\/\/sugardaddylatam.com\/#website","url":"https:\/\/sugardaddylatam.com\/","name":"Sugar Daddy Latam - Sugar Dating #1 in Latin America. Find Sugar Daddy or Sugar Baby in Latin America","description":"Join the largest sugar dating network in Latin America. +130,000 verified users in 17 countries. Free registration. Real profiles, clear agreements.","publisher":{"@id":"https:\/\/sugardaddylatam.com\/#organization"},"potentialAction":[{"@type":"SearchAction","target":{"@type":"EntryPoint","urlTemplate":"https:\/\/sugardaddylatam.com\/?s={search_term_string}"},"query-input":{"@type":"PropertyValueSpecification","valueRequired":true,"valueName":"search_term_string"}}],"inLanguage":"en-US"},{"@type":"Organization","@id":"https:\/\/sugardaddylatam.com\/#organization","name":"Sugar Daddy Latam - Sugar Dating #1 in Latin America. Find Sugar Daddy or Sugar Baby in Latin America","url":"https:\/\/sugardaddylatam.com\/","logo":{"@type":"ImageObject","inLanguage":"en-US","@id":"https:\/\/sugardaddylatam.com\/#\/schema\/logo\/image\/","url":"https:\/\/sugardaddylatam.com\/wp-content\/uploads\/2023\/01\/sugardaddylatam.png","contentUrl":"https:\/\/sugardaddylatam.com\/wp-content\/uploads\/2023\/01\/sugardaddylatam.png","width":350,"height":73,"caption":"Sugar Daddy Latam \u2014 Sugar Dating n\u00ba1 en Latinoam\u00e9rica. Encuentra Sugar Daddy o Sugar Baby en Latinoam\u00e9rica"},"image":{"@id":"https:\/\/sugardaddylatam.com\/#\/schema\/logo\/image\/"},"sameAs":["https:\/\/www.facebook.com\/people\/Sugar-Daddy-Latinoamrica\/61552824401638\/","https:\/\/x.com\/SDLatamOficial"]}]}},"_links":{"self":[{"href":"https:\/\/sugardaddylatam.com\/en\/wp-json\/wp\/v2\/pages\/6340","targetHints":{"allow":["GET"]}}],"collection":[{"href":"https:\/\/sugardaddylatam.com\/en\/wp-json\/wp\/v2\/pages"}],"about":[{"href":"https:\/\/sugardaddylatam.com\/en\/wp-json\/wp\/v2\/types\/page"}],"author":[{"embeddable":true,"href":"https:\/\/sugardaddylatam.com\/en\/wp-json\/wp\/v2\/users\/1"}],"replies":[{"embeddable":true,"href":"https:\/\/sugardaddylatam.com\/en\/wp-json\/wp\/v2\/comments?post=6340"}],"version-history":[{"count":0,"href":"https:\/\/sugardaddylatam.com\/en\/wp-json\/wp\/v2\/pages\/6340\/revisions"}],"wp:attachment":[{"href":"https:\/\/sugardaddylatam.com\/en\/wp-json\/wp\/v2\/media?parent=6340"}],"curies":[{"name":"wp","href":"https:\/\/api.w.org\/{rel}","templated":true}]}}