{"id":2430,"date":"2019-01-22T08:31:57","date_gmt":"2019-01-22T08:31:57","guid":{"rendered":"https:\/\/sugardaddylatam.com\/?page_id=2430"},"modified":"2023-01-12T05:20:54","modified_gmt":"2023-01-12T08:20:54","slug":"terms-and-conditions-of-use","status":"publish","type":"page","link":"https:\/\/sugardaddylatam.com\/en\/condiciones-de-uso\/","title":{"rendered":"Terms and conditions of use"},"content":{"rendered":"<h1><span>1-. Conditions of use and contracting of services in sugardaddylatam.com<\/span><\/h1>\n<h3><span>Pricing:<\/span><\/h3>\n<span>Sugardaddyportugal.pt prices include taxes in force in Latin America. Prices are divided according to access.<\/span>\n<span>sugardaddylatam.com has three plans for accessing the social network.<\/span>\n\n<span>-\u00a0\u00a0<\/span><strong><span>Free access:<\/span><\/strong><span>\u00a0\u00a0whereby the user can access the social network and view profiles as well as read in the forum, but cannot send private messages or post in the forum.<\/span>\n<span>-\u00a0\u00a0<\/span><strong><span>Monthly access:<\/span><\/strong><span>\u00a0\u00a0The user will be able to access the social network and the forum, as well as post in the forum and send private messages during the months of subscription renewal*.<\/span>\n<span>-\u00a0\u00a0<\/span><strong><span>Quarterly access:<\/span><\/strong><span>\u00a0\u00a0which can be accessed by the user during the quarters in which he\/she wishes to renew the signature subscription *.<\/span>\n\n<span>-\u00a0\u00a0<\/span><strong><span>Annual access:<\/span><\/strong><span>\u00a0\u00a0which the user will be able to access for one year.<\/span>\n\n<span>* The subscription is automatically renewed through a subscription made through PayPal. The cancellation of the subscription is linked to the paypal payment system, therefore the cancellation is done from the Paypal platform. There is no permanence, so you can cancel the subscription whenever you want, canceling the next payment but not the payment already made.<\/span>\n<h2><span>two-. Back to the right:<\/span><\/h2>\n<span>In this section, the provisions of Article 103, letter a) of Royal Legislative Decree 1\/2007, of November 16, which approves the revised text of the General Law for the Defense of Consumers and Users and other complementary laws shall apply. \"(A) The provision of services, once the provision has been made in full, when the execution begins, with the prior express consent of the consumer and user and with the recognition on his part that he is aware that, at the end of the contract executed in full by the employer, he will lose his right of rescission. \"<\/span>\n<span>Basically, when the first paid login occurs on the platform, the user loses the right to cancel the current payment and gets access to the private messaging service. Therefore, if you do not wish to continue using the service, you must unsubscribe from your PayPal account.<\/span>\n<span>The user may request as much information as he\/she wishes before registering on the platform through the contact area, but under no circumstances will monthly or annual amounts that have already been paid be refunded.<\/span>\n<h2><span>3-. User conduct policy:<\/span><\/h2>\n<span>Failure to comply with the following rules will result in expulsion from the platform without the right to a refund of the money provided and without prejudice to the legal actions that correspond to the owner of the website. Specifically, the user agrees to:<\/span>\n<ol>\n \t<li><span>Not to make illegal or immoral uses of the contents offered.<\/span><\/li>\n \t<li><span>Do not take, download or take screenshots of profile content.<\/span><\/li>\n \t<li><span>Maintain confidentiality and do not distribute user content or opinions outside the social network.<\/span><\/li>\n \t<li><span>Do not attack or manipulate the website in any way.<\/span><\/li>\n \t<li><span>Harm or violate the morals or rights of the creators, users and staff of sugardaddylatam.com as Administrators, designers or programmers. We will be especially combative to any xenophobic or discriminatory comment with an immediate expulsion. We also take very seriously scams, pyramid schemes and any content that may appear fraudulent or contrary to good practices.<\/span><\/li>\n \t<li><span>SugardaddyLatinoamerica reserves the right to admit users during a trial period, and may be expelled if it detects any suspicious behavior.<\/span><\/li>\n \t<li><span>The opinions, conversations or sending of files within sugardaddylatam and between users may not leave the website or be quoted, referenced or communicated outside the social network and established channels such as notifications by mail.<\/span><\/li>\n<\/ol>\n<h3><span>Forum Rules:<\/span><\/h3>\n<ol>\n \t<li><span>Contact ads are not allowed, that's what the social network is for.<\/span><\/li>\n \t<li><span>Any attack on the site or any of its equipment will be grounds for expulsion from the forum.<\/span><\/li>\n \t<li><span>Erotic or pornographic content is not allowed.<\/span><\/li>\n \t<li><span>We will not allow any advertising of web pages that we consider unnecessary to provide correct information or that undermine the competitiveness of the website.<\/span><\/li>\n \t<li><span>Repeated or duplicate publications are not allowed<\/span><\/li>\n \t<li><span>No obscene, distasteful or illegal topics are allowed.<\/span><\/li>\n \t<li><span>It is strictly prohibited to create links to illegal content, pirated software, serial numbers or copyright violations.<\/span><\/li>\n \t<li><span>\u00a0The user who disturbs the proper functioning of the forum with repeated complaints, disrespect to the Moderators, the Administration or the Forum Rules, will be punished or expelled from the forum depending on the severity. Public messages concerning moderation\/administration tasks (edit or delete a message, close a topic, expulsion from the forum, etc.) will be deleted, in case of moderation complaints you must do it privately with the moderator and in case you do not get an answer, you must inform the webmaster or the administrators. The administrators and moderators of the forum are the people who have the power to determine whether a publication is admissible or not.<\/span><\/li>\n \t<li><span>Any user has the right to report any violation of the forum rules, informing the Webmaster, Administrators or Moderators, who will take the appropriate measures.<\/span><\/li>\n<\/ol>\n<h2><span>4-. Register in the social network and means of payment.<\/span><\/h2>\n<span>Registration in the social network implies signing in.<\/span>\n\n<span>Payment methods: payment can be made on a monthly, quarterly and annual basis through PayPal.<\/span>\n\n<span>Discounts on payment gateways.<\/span>\n<span>At certain specific times of the year, the administration may use the home page of the sugardaddylatam.com site or the newsletters to advertise offers to specific new or old users and without the right to compensation or compensation for other users already registered.<\/span>\n<h2><span>5- Electronic newsletters.<\/span><\/h2>\n<span>We may send information about contracted or similar services and\/or products to subscribers, students and alumni. Registration on sugardaddylatam.com implies express consent. In any case, you can unsubscribe from the same lists emails.<\/span>\n<h2><span>6-. Voluntary privacy settings options.<\/span><\/h2>\n<span>- You are free to provide or not to provide personal data on sugardaddylatam.com within the social network, as well as to modify or delete them manually. You can set your email and notification preferences by logging into your account through the website.<\/span>\n<span>- Please note that even if you choose not to subscribe or unsubscribe to promotional emails or newsletters, we may still need to contact you with information about transactions and your purchases.<\/span>\n<span>- You can configure how your browser handles cookies through your privacy and security settings.<\/span>\n<span>4.8.2. Electronic bulletins.<\/span>\n<span>- You will receive emails and notices about new messages or interactions on the social network.<\/span>\n<span>- You will receive emails when you subscribe to a topic or when someone wants to contact you.<\/span>\n\n<a href=\"https:\/\/sugardaddylatam.com\/en\/politica-de-privacidad\/\"><span>You can read the privacy and cookies policy here<\/span><\/a>\n<h2><span>7-. Safety reasons.<\/span><\/h2>\n<span>To prevent attacks, we will store location data, browser type and operating system, site navigation settings (such as cookies) and purchase history to provide you with personalized site information and newsletters (optional).<\/span>\n<span>4.8.4. Contests and others.<\/span>\n<span>In Sugardaddyespa\u00f1a we can carry out contests. We reserve the right to request additional information if it is necessary to send gifts or any other information necessary for the contest.<\/span>\n\n<span>Our users are covered by European and national data protection regulations. As recognized by the GDPR, you can access your data, rectify the data you consider appropriate, limit its use, oppose its use, cancel the data you have provided to us or transfer the data we store to third parties.<\/span>\n<span>If you wish to unsubscribe from our platform, please contact our support team.<\/span>\n<span>4.10. Social networking resources or forums.<\/span>\n<span>The site contains links to areas where you can post information, communicate with others, such as in discussion forums or blogs, review products and post your own original content. Anyone can access all posted information, except for private messages between users.<\/span>\n<span>If you post your e-mail address along with the public comment, you may receive spam. We recommend that you avoid posting your personal data or the data of third parties. You must modify them manually, sugardaddylatam.com does not generate unsolicited personal data.<\/span>\n<h2><span>8-. Return and\/or reimbursement.<\/span><\/h2>\n<span>Due to the conditions of the social network and the exposure of its content, we cannot refund or cancel the subscription, since the basis of sugardaddylatam.com is the access to the social network with the right to communication for the duration of the subscription and we give to fulfill the service, providing you access regardless of your use.<\/span>\n<span>This rule is definitive, except in the case that the user has not been activated in the paid subscription on the platform and has not had access to private messages or the ability to send private messages, (it is understood that the fact of being able to send a message is to access paid content). This fact must be accredited by the user. Sugardaddyespa\u00f1a also reserves the right of admission in any case, being able to decide to expel a user if his\/her behavior is inappropriate or recurrent, if he\/she makes accusations against the platform, its content or those responsible for it or if he\/she represents a threat. In these cases, Sugardaddyespa\u00f1a will not make any refund.<\/span>\n<span>Also, the user makes payments to be able to send private messages temporarily to other users of the social network, this means that the user will remain with access to this service for the duration of such payment. You do not pay for sending private messages, but for the possibility of accessing the service of private messages and private communication with other users.<\/span>\n\n<span>If you have any doubts, you can contact our\u00a0\u00a0<\/span><a href=\"https:\/\/sugardaddylatam.com\/en\/contacto\/\"><span>contact section<\/span><\/a><span> \u00a0or send an e-mail to info@sugardaddylatam.com<\/span>","protected":false},"excerpt":{"rendered":"1-.\u00a0Condiciones de uso y contrataci\u00f3n de servicios en sugardaddylatam.com Precios: Los precios de Sugardaddyportugal.pt incluyen los impuestos vigentes en Latinoam\u00e9rica.\u00a0Los precios se dividen seg\u00fan el acceso. sugardaddylatam.com tiene tres planes de acceso a la red social. \u2022\u00a0\u00a0Acceso libre:\u00a0\u00a0por el que el usuario puede acceder a la red social y ver perfiles adem\u00e1s de leer en [&hellip;]","protected":false},"author":1,"featured_media":0,"parent":0,"menu_order":0,"comment_status":"closed","ping_status":"closed","template":"","meta":{"pmpro_default_level":"","footnotes":""},"class_list":["post-2430","page","type-page","status-publish","hentry","pmpro-has-access"],"featured_image_urls":{"full":"","thumbnail":"","medium":"","medium_large":"","large":"","1536x1536":"","2048x2048":"","trp-custom-language-flag":"","rt_media_thumbnail":"","rt_media_activity_image":"","rt_media_single_image":"","rt_media_featured_image":"","post-thumbnail":"","blog_carousel":"","crp_thumbnail":""},"post_excerpt_stackable":"1-.\u00a0Condiciones de uso y contrataci\u00f3n de servicios en sugardaddylatam.com Precios: Los precios de Sugardaddyportugal.pt incluyen los impuestos vigentes en Latinoam\u00e9rica.\u00a0Los precios se dividen seg\u00fan el acceso. sugardaddylatam.com tiene tres planes de acceso a la red social. \u2022\u00a0\u00a0Acceso libre:\u00a0\u00a0por el que el usuario puede acceder a la red social y ver perfiles adem\u00e1s de leer en el foro, pero no puede enviar mensajes privados ni publicar en el foro. \u2022\u00a0\u00a0Acceso mensual:\u00a0\u00a0mediante el cual el usuario podr\u00e1 acceder a la red social y al foro, as\u00ed como publicar en el foro y enviar mensajes privados durante los meses de renovaci\u00f3n de la&hellip;","category_list":"","author_info":{"name":"Sugar Daddy Admin","url":"https:\/\/sugardaddylatam.com\/en\/author\/poweb\/"},"comments_num":"0 comments","featured_image_urls_v2":{"full":"","thumbnail":"","medium":"","medium_large":"","large":"","1536x1536":"","2048x2048":"","trp-custom-language-flag":"","rt_media_thumbnail":"","rt_media_activity_image":"","rt_media_single_image":"","rt_media_featured_image":"","post-thumbnail":"","blog_carousel":"","crp_thumbnail":""},"post_excerpt_stackable_v2":"1-.\u00a0Condiciones de uso y contrataci\u00f3n de servicios en sugardaddylatam.com Precios: Los precios de Sugardaddyportugal.pt incluyen los impuestos vigentes en Latinoam\u00e9rica.\u00a0Los precios se dividen seg\u00fan el acceso. sugardaddylatam.com tiene tres planes de acceso a la red social. \u2022\u00a0\u00a0Acceso libre:\u00a0\u00a0por el que el usuario puede acceder a la red social y ver perfiles adem\u00e1s de leer en el foro, pero no puede enviar mensajes privados ni publicar en el foro. \u2022\u00a0\u00a0Acceso mensual:\u00a0\u00a0mediante el cual el usuario podr\u00e1 acceder a la red social y al foro, as\u00ed como publicar en el foro y enviar mensajes privados durante los meses de renovaci\u00f3n de la&hellip;","category_list_v2":"","author_info_v2":{"name":"Sugar Daddy Admin","url":"https:\/\/sugardaddylatam.com\/en\/author\/poweb\/"},"comments_num_v2":"0 comments","yoast_head":"<!-- This site is optimized with the Yoast SEO Premium plugin v24.3 (Yoast SEO v27.2) - https:\/\/yoast.com\/product\/yoast-seo-premium-wordpress\/ -->\n<title>Condiciones de uso<\/title>\n<meta name=\"robots\" content=\"noindex, nofollow\" \/>\n<meta property=\"og:locale\" content=\"en_US\" \/>\n<meta property=\"og:type\" content=\"article\" \/>\n<meta property=\"og:title\" content=\"Condiciones de uso\" \/>\n<meta property=\"og:description\" content=\"1-.\u00a0Condiciones de uso y contrataci\u00f3n de servicios en sugardaddylatam.com Precios: Los precios de Sugardaddyportugal.pt incluyen los impuestos vigentes en Latinoam\u00e9rica.\u00a0Los precios se dividen seg\u00fan el acceso. sugardaddylatam.com tiene tres planes de acceso a la red social. \u2022\u00a0\u00a0Acceso libre:\u00a0\u00a0por el que el usuario puede acceder a la red social y ver perfiles adem\u00e1s de leer en [&hellip;]\" \/>\n<meta property=\"og:url\" content=\"https:\/\/sugardaddylatam.com\/en\/terms-and-conditions-of-use\/\" \/>\n<meta property=\"og:site_name\" content=\"Sugar Daddy Latam \u2014 Sugar Dating n\u00ba1 en Latinoam\u00e9rica. Encuentra Sugar Daddy o Sugar Baby en Latinoam\u00e9rica\" \/>\n<meta property=\"article:publisher\" content=\"https:\/\/www.facebook.com\/people\/Sugar-Daddy-Latinoamrica\/61552824401638\/\" \/>\n<meta property=\"article:modified_time\" content=\"2023-01-12T08:20:54+00:00\" \/>\n<meta name=\"twitter:card\" content=\"summary_large_image\" \/>\n<meta name=\"twitter:site\" content=\"@SDLatamOficial\" \/>\n<meta name=\"twitter:label1\" content=\"Est. reading time\" \/>\n\t<meta name=\"twitter:data1\" content=\"8 minutes\" \/>\n<script type=\"application\/ld+json\" class=\"yoast-schema-graph\">{\"@context\":\"https:\/\/schema.org\",\"@graph\":[{\"@type\":\"WebPage\",\"@id\":\"https:\/\/sugardaddylatam.com\/condiciones-de-uso\/\",\"url\":\"https:\/\/sugardaddylatam.com\/condiciones-de-uso\/\",\"name\":\"Condiciones de uso\",\"isPartOf\":{\"@id\":\"https:\/\/sugardaddylatam.com\/#website\"},\"datePublished\":\"2019-01-22T08:31:57+00:00\",\"dateModified\":\"2023-01-12T08:20:54+00:00\",\"breadcrumb\":{\"@id\":\"https:\/\/sugardaddylatam.com\/condiciones-de-uso\/#breadcrumb\"},\"inLanguage\":\"en-US\",\"potentialAction\":[{\"@type\":\"ReadAction\",\"target\":[\"https:\/\/sugardaddylatam.com\/condiciones-de-uso\/\"]}]},{\"@type\":\"BreadcrumbList\",\"@id\":\"https:\/\/sugardaddylatam.com\/condiciones-de-uso\/#breadcrumb\",\"itemListElement\":[{\"@type\":\"ListItem\",\"position\":1,\"name\":\"Home\",\"item\":\"https:\/\/sugardaddylatam.com\/\"},{\"@type\":\"ListItem\",\"position\":2,\"name\":\"Condiciones de uso\"}]},{\"@type\":\"WebSite\",\"@id\":\"https:\/\/sugardaddylatam.com\/#website\",\"url\":\"https:\/\/sugardaddylatam.com\/\",\"name\":\"Sugar Daddy Latam \u2014 Sugar Dating n\u00ba1 en Latinoam\u00e9rica. Encuentra Sugar Daddy o Sugar Baby en Latinoam\u00e9rica\",\"description\":\"\u00danete a la red de sugar dating m\u00e1s grande de Latinoam\u00e9rica. +130.000 usuarios verificados en 17 pa\u00edses. Registro gratuito. Perfiles reales, acuerdos claros.\",\"publisher\":{\"@id\":\"https:\/\/sugardaddylatam.com\/#organization\"},\"potentialAction\":[{\"@type\":\"SearchAction\",\"target\":{\"@type\":\"EntryPoint\",\"urlTemplate\":\"https:\/\/sugardaddylatam.com\/?s={search_term_string}\"},\"query-input\":{\"@type\":\"PropertyValueSpecification\",\"valueRequired\":true,\"valueName\":\"search_term_string\"}}],\"inLanguage\":\"en-US\"},{\"@type\":\"Organization\",\"@id\":\"https:\/\/sugardaddylatam.com\/#organization\",\"name\":\"Sugar Daddy Latam \u2014 Sugar Dating n\u00ba1 en Latinoam\u00e9rica. Encuentra Sugar Daddy o Sugar Baby en Latinoam\u00e9rica\",\"url\":\"https:\/\/sugardaddylatam.com\/\",\"logo\":{\"@type\":\"ImageObject\",\"inLanguage\":\"en-US\",\"@id\":\"https:\/\/sugardaddylatam.com\/#\/schema\/logo\/image\/\",\"url\":\"https:\/\/sugardaddylatam.com\/wp-content\/uploads\/2023\/01\/sugardaddylatam.png\",\"contentUrl\":\"https:\/\/sugardaddylatam.com\/wp-content\/uploads\/2023\/01\/sugardaddylatam.png\",\"width\":350,\"height\":73,\"caption\":\"Sugar Daddy Latam \u2014 Sugar Dating n\u00ba1 en Latinoam\u00e9rica. Encuentra Sugar Daddy o Sugar Baby en Latinoam\u00e9rica\"},\"image\":{\"@id\":\"https:\/\/sugardaddylatam.com\/#\/schema\/logo\/image\/\"},\"sameAs\":[\"https:\/\/www.facebook.com\/people\/Sugar-Daddy-Latinoamrica\/61552824401638\/\",\"https:\/\/x.com\/SDLatamOficial\"]}]}<\/script>\n<!-- \/ Yoast SEO Premium plugin. -->","yoast_head_json":{"title":"Terms and conditions of use","robots":{"index":"noindex","follow":"nofollow"},"og_locale":"en_US","og_type":"article","og_title":"Condiciones de uso","og_description":"1-.\u00a0Condiciones de uso y contrataci\u00f3n de servicios en sugardaddylatam.com Precios: Los precios de Sugardaddyportugal.pt incluyen los impuestos vigentes en Latinoam\u00e9rica.\u00a0Los precios se dividen seg\u00fan el acceso. sugardaddylatam.com tiene tres planes de acceso a la red social. \u2022\u00a0\u00a0Acceso libre:\u00a0\u00a0por el que el usuario puede acceder a la red social y ver perfiles adem\u00e1s de leer en [&hellip;]","og_url":"https:\/\/sugardaddylatam.com\/en\/terms-and-conditions-of-use\/","og_site_name":"Sugar Daddy Latam \u2014 Sugar Dating n\u00ba1 en Latinoam\u00e9rica. Encuentra Sugar Daddy o Sugar Baby en Latinoam\u00e9rica","article_publisher":"https:\/\/www.facebook.com\/people\/Sugar-Daddy-Latinoamrica\/61552824401638\/","article_modified_time":"2023-01-12T08:20:54+00:00","twitter_card":"summary_large_image","twitter_site":"@SDLatamOficial","twitter_misc":{"Est. reading time":"8 minutes"},"schema":{"@context":"https:\/\/schema.org","@graph":[{"@type":"WebPage","@id":"https:\/\/sugardaddylatam.com\/condiciones-de-uso\/","url":"https:\/\/sugardaddylatam.com\/condiciones-de-uso\/","name":"Terms and conditions of use","isPartOf":{"@id":"https:\/\/sugardaddylatam.com\/#website"},"datePublished":"2019-01-22T08:31:57+00:00","dateModified":"2023-01-12T08:20:54+00:00","breadcrumb":{"@id":"https:\/\/sugardaddylatam.com\/condiciones-de-uso\/#breadcrumb"},"inLanguage":"en-US","potentialAction":[{"@type":"ReadAction","target":["https:\/\/sugardaddylatam.com\/condiciones-de-uso\/"]}]},{"@type":"BreadcrumbList","@id":"https:\/\/sugardaddylatam.com\/condiciones-de-uso\/#breadcrumb","itemListElement":[{"@type":"ListItem","position":1,"name":"Home","item":"https:\/\/sugardaddylatam.com\/"},{"@type":"ListItem","position":2,"name":"Condiciones de uso"}]},{"@type":"WebSite","@id":"https:\/\/sugardaddylatam.com\/#website","url":"https:\/\/sugardaddylatam.com\/","name":"Sugar Daddy Latam - Sugar Dating #1 in Latin America. Find Sugar Daddy or Sugar Baby in Latin America","description":"Join the largest sugar dating network in Latin America. +130,000 verified users in 17 countries. Free registration. Real profiles, clear agreements.","publisher":{"@id":"https:\/\/sugardaddylatam.com\/#organization"},"potentialAction":[{"@type":"SearchAction","target":{"@type":"EntryPoint","urlTemplate":"https:\/\/sugardaddylatam.com\/?s={search_term_string}"},"query-input":{"@type":"PropertyValueSpecification","valueRequired":true,"valueName":"search_term_string"}}],"inLanguage":"en-US"},{"@type":"Organization","@id":"https:\/\/sugardaddylatam.com\/#organization","name":"Sugar Daddy Latam - Sugar Dating #1 in Latin America. Find Sugar Daddy or Sugar Baby in Latin America","url":"https:\/\/sugardaddylatam.com\/","logo":{"@type":"ImageObject","inLanguage":"en-US","@id":"https:\/\/sugardaddylatam.com\/#\/schema\/logo\/image\/","url":"https:\/\/sugardaddylatam.com\/wp-content\/uploads\/2023\/01\/sugardaddylatam.png","contentUrl":"https:\/\/sugardaddylatam.com\/wp-content\/uploads\/2023\/01\/sugardaddylatam.png","width":350,"height":73,"caption":"Sugar Daddy Latam \u2014 Sugar Dating n\u00ba1 en Latinoam\u00e9rica. Encuentra Sugar Daddy o Sugar Baby en Latinoam\u00e9rica"},"image":{"@id":"https:\/\/sugardaddylatam.com\/#\/schema\/logo\/image\/"},"sameAs":["https:\/\/www.facebook.com\/people\/Sugar-Daddy-Latinoamrica\/61552824401638\/","https:\/\/x.com\/SDLatamOficial"]}]}},"_links":{"self":[{"href":"https:\/\/sugardaddylatam.com\/en\/wp-json\/wp\/v2\/pages\/2430","targetHints":{"allow":["GET"]}}],"collection":[{"href":"https:\/\/sugardaddylatam.com\/en\/wp-json\/wp\/v2\/pages"}],"about":[{"href":"https:\/\/sugardaddylatam.com\/en\/wp-json\/wp\/v2\/types\/page"}],"author":[{"embeddable":true,"href":"https:\/\/sugardaddylatam.com\/en\/wp-json\/wp\/v2\/users\/1"}],"replies":[{"embeddable":true,"href":"https:\/\/sugardaddylatam.com\/en\/wp-json\/wp\/v2\/comments?post=2430"}],"version-history":[{"count":0,"href":"https:\/\/sugardaddylatam.com\/en\/wp-json\/wp\/v2\/pages\/2430\/revisions"}],"wp:attachment":[{"href":"https:\/\/sugardaddylatam.com\/en\/wp-json\/wp\/v2\/media?parent=2430"}],"curies":[{"name":"wp","href":"https:\/\/api.w.org\/{rel}","templated":true}]}}