{"id":10116,"date":"2025-11-19T13:33:28","date_gmt":"2025-11-19T16:33:28","guid":{"rendered":"https:\/\/sugardaddylatam.com\/?page_id=10116"},"modified":"2025-11-19T13:33:29","modified_gmt":"2025-11-19T16:33:29","slug":"newsletter","status":"publish","type":"page","link":"https:\/\/sugardaddylatam.com\/en\/newsletter\/","title":{"rendered":"Newsletter"},"content":{"rendered":"\n[newsletter]\n","protected":false},"excerpt":{"rendered":"[newsletter]","protected":false},"author":1,"featured_media":0,"parent":0,"menu_order":0,"comment_status":"closed","ping_status":"closed","template":"","meta":{"pmpro_default_level":"","footnotes":""},"class_list":["post-10116","page","type-page","status-publish","hentry","pmpro-has-access"],"featured_image_urls":{"full":"","thumbnail":"","medium":"","medium_large":"","large":"","1536x1536":"","2048x2048":"","trp-custom-language-flag":"","rt_media_thumbnail":"","rt_media_activity_image":"","rt_media_single_image":"","rt_media_featured_image":"","post-thumbnail":"","blog_carousel":"","crp_thumbnail":""},"post_excerpt_stackable":"[newsletter]","category_list":"","author_info":{"name":"Sugar Daddy Admin","url":"https:\/\/sugardaddylatam.com\/en\/author\/poweb\/"},"comments_num":"0 comments","featured_image_urls_v2":{"full":"","thumbnail":"","medium":"","medium_large":"","large":"","1536x1536":"","2048x2048":"","trp-custom-language-flag":"","rt_media_thumbnail":"","rt_media_activity_image":"","rt_media_single_image":"","rt_media_featured_image":"","post-thumbnail":"","blog_carousel":"","crp_thumbnail":""},"post_excerpt_stackable_v2":"[newsletter]","category_list_v2":"","author_info_v2":{"name":"Sugar Daddy Admin","url":"https:\/\/sugardaddylatam.com\/en\/author\/poweb\/"},"comments_num_v2":"0 comments","yoast_head":"<!-- This site is optimized with the Yoast SEO Premium plugin v24.3 (Yoast SEO v27.4) - https:\/\/yoast.com\/product\/yoast-seo-premium-wordpress\/ -->\n<title>Newsletter<\/title>\n<meta name=\"robots\" content=\"index, follow, max-snippet:-1, max-image-preview:large, max-video-preview:-1\" \/>\n<link rel=\"canonical\" href=\"https:\/\/sugardaddylatam.com\/en\/newsletter\/\" \/>\n<meta property=\"og:locale\" content=\"en_US\" \/>\n<meta property=\"og:type\" content=\"article\" \/>\n<meta property=\"og:title\" content=\"Newsletter\" \/>\n<meta property=\"og:description\" content=\"[newsletter]\" \/>\n<meta property=\"og:url\" content=\"https:\/\/sugardaddylatam.com\/en\/newsletter\/\" \/>\n<meta property=\"og:site_name\" content=\"Sugar Daddy Latam \u2014 Sugar Dating n\u00ba1 en Latinoam\u00e9rica\" \/>\n<meta property=\"article:publisher\" content=\"https:\/\/www.facebook.com\/people\/Sugar-Daddy-Latinoamrica\/61552824401638\/\" \/>\n<meta property=\"article:modified_time\" content=\"2025-11-19T16:33:29+00:00\" \/>\n<meta name=\"twitter:card\" content=\"summary_large_image\" \/>\n<meta name=\"twitter:site\" content=\"@SDLatamOficial\" \/>\n<meta name=\"twitter:label1\" content=\"Est. reading time\" \/>\n\t<meta name=\"twitter:data1\" content=\"1 minute\" \/>\n<script type=\"application\/ld+json\" class=\"yoast-schema-graph\">{\"@context\":\"https:\\\/\\\/schema.org\",\"@graph\":[{\"@type\":\"WebPage\",\"@id\":\"https:\\\/\\\/sugardaddylatam.com\\\/newsletter\\\/\",\"url\":\"https:\\\/\\\/sugardaddylatam.com\\\/newsletter\\\/\",\"name\":\"Newsletter\",\"isPartOf\":{\"@id\":\"https:\\\/\\\/sugardaddylatam.com\\\/#website\"},\"datePublished\":\"2025-11-19T16:33:28+00:00\",\"dateModified\":\"2025-11-19T16:33:29+00:00\",\"breadcrumb\":{\"@id\":\"https:\\\/\\\/sugardaddylatam.com\\\/newsletter\\\/#breadcrumb\"},\"inLanguage\":\"en-US\",\"potentialAction\":[{\"@type\":\"ReadAction\",\"target\":[\"https:\\\/\\\/sugardaddylatam.com\\\/newsletter\\\/\"]}]},{\"@type\":\"BreadcrumbList\",\"@id\":\"https:\\\/\\\/sugardaddylatam.com\\\/newsletter\\\/#breadcrumb\",\"itemListElement\":[{\"@type\":\"ListItem\",\"position\":1,\"name\":\"Home\",\"item\":\"https:\\\/\\\/sugardaddylatam.com\\\/\"},{\"@type\":\"ListItem\",\"position\":2,\"name\":\"Newsletter\"}]},{\"@type\":\"WebSite\",\"@id\":\"https:\\\/\\\/sugardaddylatam.com\\\/#website\",\"url\":\"https:\\\/\\\/sugardaddylatam.com\\\/\",\"name\":\"Sugar Daddy Latam \u2014 Sugar Dating n\u00ba1 en Latinoam\u00e9rica\",\"description\":\"\u00danete a la red de sugar dating m\u00e1s grande de Latinoam\u00e9rica. +130.000 usuarios verificados en 17 pa\u00edses. Registro gratuito. Perfiles reales, acuerdos claros.\",\"publisher\":{\"@id\":\"https:\\\/\\\/sugardaddylatam.com\\\/#organization\"},\"potentialAction\":[{\"@type\":\"SearchAction\",\"target\":{\"@type\":\"EntryPoint\",\"urlTemplate\":\"https:\\\/\\\/sugardaddylatam.com\\\/?s={search_term_string}\"},\"query-input\":{\"@type\":\"PropertyValueSpecification\",\"valueRequired\":true,\"valueName\":\"search_term_string\"}}],\"inLanguage\":\"en-US\"},{\"@type\":\"Organization\",\"@id\":\"https:\\\/\\\/sugardaddylatam.com\\\/#organization\",\"name\":\"Sugar Daddy Latam \u2014 Sugar Dating n\u00ba1 en Latinoam\u00e9rica\",\"url\":\"https:\\\/\\\/sugardaddylatam.com\\\/\",\"logo\":{\"@type\":\"ImageObject\",\"inLanguage\":\"en-US\",\"@id\":\"https:\\\/\\\/sugardaddylatam.com\\\/#\\\/schema\\\/logo\\\/image\\\/\",\"url\":\"https:\\\/\\\/sugardaddylatam.com\\\/wp-content\\\/uploads\\\/2023\\\/01\\\/sugardaddylatam.png\",\"contentUrl\":\"https:\\\/\\\/sugardaddylatam.com\\\/wp-content\\\/uploads\\\/2023\\\/01\\\/sugardaddylatam.png\",\"width\":350,\"height\":73,\"caption\":\"Sugar Daddy Latam \u2014 Sugar Dating n\u00ba1 en Latinoam\u00e9rica\"},\"image\":{\"@id\":\"https:\\\/\\\/sugardaddylatam.com\\\/#\\\/schema\\\/logo\\\/image\\\/\"},\"sameAs\":[\"https:\\\/\\\/www.facebook.com\\\/people\\\/Sugar-Daddy-Latinoamrica\\\/61552824401638\\\/\",\"https:\\\/\\\/x.com\\\/SDLatamOficial\"]}]}<\/script>\n<!-- \/ Yoast SEO Premium plugin. -->","yoast_head_json":{"title":"Newsletter","robots":{"index":"index","follow":"follow","max-snippet":"max-snippet:-1","max-image-preview":"max-image-preview:large","max-video-preview":"max-video-preview:-1"},"canonical":"https:\/\/sugardaddylatam.com\/en\/newsletter\/","og_locale":"en_US","og_type":"article","og_title":"Newsletter","og_description":"[newsletter]","og_url":"https:\/\/sugardaddylatam.com\/en\/newsletter\/","og_site_name":"Sugar Daddy Latam \u2014 Sugar Dating n\u00ba1 en Latinoam\u00e9rica","article_publisher":"https:\/\/www.facebook.com\/people\/Sugar-Daddy-Latinoamrica\/61552824401638\/","article_modified_time":"2025-11-19T16:33:29+00:00","twitter_card":"summary_large_image","twitter_site":"@SDLatamOficial","twitter_misc":{"Est. reading time":"1 minute"},"schema":{"@context":"https:\/\/schema.org","@graph":[{"@type":"WebPage","@id":"https:\/\/sugardaddylatam.com\/newsletter\/","url":"https:\/\/sugardaddylatam.com\/newsletter\/","name":"Newsletter","isPartOf":{"@id":"https:\/\/sugardaddylatam.com\/#website"},"datePublished":"2025-11-19T16:33:28+00:00","dateModified":"2025-11-19T16:33:29+00:00","breadcrumb":{"@id":"https:\/\/sugardaddylatam.com\/newsletter\/#breadcrumb"},"inLanguage":"en-US","potentialAction":[{"@type":"ReadAction","target":["https:\/\/sugardaddylatam.com\/newsletter\/"]}]},{"@type":"BreadcrumbList","@id":"https:\/\/sugardaddylatam.com\/newsletter\/#breadcrumb","itemListElement":[{"@type":"ListItem","position":1,"name":"Home","item":"https:\/\/sugardaddylatam.com\/"},{"@type":"ListItem","position":2,"name":"Newsletter"}]},{"@type":"WebSite","@id":"https:\/\/sugardaddylatam.com\/#website","url":"https:\/\/sugardaddylatam.com\/","name":"Sugar Daddy Latam - Sugar Daddy Latam - Sugar Dating #1 in Latin America","description":"Join the largest sugar dating network in Latin America. +130,000 verified users in 17 countries. Free registration. Real profiles, clear agreements.","publisher":{"@id":"https:\/\/sugardaddylatam.com\/#organization"},"potentialAction":[{"@type":"SearchAction","target":{"@type":"EntryPoint","urlTemplate":"https:\/\/sugardaddylatam.com\/?s={search_term_string}"},"query-input":{"@type":"PropertyValueSpecification","valueRequired":true,"valueName":"search_term_string"}}],"inLanguage":"en-US"},{"@type":"Organization","@id":"https:\/\/sugardaddylatam.com\/#organization","name":"Sugar Daddy Latam - Sugar Daddy Latam - Sugar Dating #1 in Latin America","url":"https:\/\/sugardaddylatam.com\/","logo":{"@type":"ImageObject","inLanguage":"en-US","@id":"https:\/\/sugardaddylatam.com\/#\/schema\/logo\/image\/","url":"https:\/\/sugardaddylatam.com\/wp-content\/uploads\/2023\/01\/sugardaddylatam.png","contentUrl":"https:\/\/sugardaddylatam.com\/wp-content\/uploads\/2023\/01\/sugardaddylatam.png","width":350,"height":73,"caption":"Sugar Daddy Latam \u2014 Sugar Dating n\u00ba1 en Latinoam\u00e9rica"},"image":{"@id":"https:\/\/sugardaddylatam.com\/#\/schema\/logo\/image\/"},"sameAs":["https:\/\/www.facebook.com\/people\/Sugar-Daddy-Latinoamrica\/61552824401638\/","https:\/\/x.com\/SDLatamOficial"]}]}},"_links":{"self":[{"href":"https:\/\/sugardaddylatam.com\/en\/wp-json\/wp\/v2\/pages\/10116","targetHints":{"allow":["GET"]}}],"collection":[{"href":"https:\/\/sugardaddylatam.com\/en\/wp-json\/wp\/v2\/pages"}],"about":[{"href":"https:\/\/sugardaddylatam.com\/en\/wp-json\/wp\/v2\/types\/page"}],"author":[{"embeddable":true,"href":"https:\/\/sugardaddylatam.com\/en\/wp-json\/wp\/v2\/users\/1"}],"replies":[{"embeddable":true,"href":"https:\/\/sugardaddylatam.com\/en\/wp-json\/wp\/v2\/comments?post=10116"}],"version-history":[{"count":0,"href":"https:\/\/sugardaddylatam.com\/en\/wp-json\/wp\/v2\/pages\/10116\/revisions"}],"wp:attachment":[{"href":"https:\/\/sugardaddylatam.com\/en\/wp-json\/wp\/v2\/media?parent=10116"}],"curies":[{"name":"wp","href":"https:\/\/api.w.org\/{rel}","templated":true}]}}